{"id":100000073,"date":"2017-12-12T10:02:47","date_gmt":"2017-12-12T10:02:47","guid":{"rendered":"https:\/\/www.jgp-engineering.com\/contacts-four\/"},"modified":"2026-01-27T13:00:33","modified_gmt":"2026-01-27T13:00:33","slug":"home","status":"publish","type":"page","link":"https:\/\/www.jgp-engineering.com\/de\/","title":{"rendered":"Startsite"},"content":{"rendered":"\n\n\n\n<div class=\"wp-block-stackable-spacer stk-block-spacer stk--no-padding stk-block stk-06bd38b\" data-block-id=\"06bd38b\"><style>.stk-06bd38b {height:10px !important;}<\/style><\/div>\n\n\n\n<p class=\"has-medium-font-size\">JGP Engineering sp. z o.o. mit Sitz in Wroc\u0142aw liefert seit 2018  Ingenieurdienstleistungen und Unterst\u00fctzung im Projektmanagement f\u00fcr strategische Wirtschaftssektoren: Energie, Kraftstoffe, Chemie sowie die Lebensmittelindustrie.<\/p>\n\n\n\n<p class=\"has-medium-font-size\">Wir spezialisieren uns auf die umfassende Erstellung technischer Dokumentationen f\u00fcr Stahl-, Edelstahl- und Aluminiumkonstruktionen. Unsere Projektl\u00f6sungen entwickeln wir gezielt f\u00fcr den anspruchsvollen europ\u00e4ischen Markt.<\/p>\n\n\n\n<p class=\"has-medium-font-size\"><strong>Engineering, auf das Sie sich verlassen k\u00f6nnen.<\/strong><\/p>\n\n\n\n<p class=\"has-medium-font-size\">3D-Modellierung \u2022 Technische Dokumentation \u2022 Statische Berechnungen \u2022 Ingenieurberatung<\/p>\n\n\n\n<h3 class=\"wp-block-heading alignfull has-text-align-center has-white-color has-midnight-gradient-background has-text-color has-background has-link-color wp-elements-8d20d8f10e071923cb27f2145172633b\"><strong>Suchen Sie einen zuverl\u00e4ssigen Partner und professionelle technische Unterst\u00fctzung f\u00fcr Ihr<\/strong> <strong>Projekt?<\/strong><\/h3>\n\n\n\n<p class=\"has-text-align-center has-large-font-size\">Nehmen Sie noch heute Kontakt mit unserem Team auf und lassen Sie uns \u00fcber Ihre Projektanforderungen sprechen.<\/p>\n\n\n\n<div class=\"wp-block-columns is-layout-flex wp-container-core-columns-is-layout-1 wp-block-columns-is-layout-flex\">\n<div class=\"wp-block-column is-vertically-aligned-top is-layout-flow wp-block-column-is-layout-flow\"><div class=\"wp-block-image\">\n<figure class=\"aligncenter size-full is-resized\"><img loading=\"lazy\" decoding=\"async\" width=\"934\" height=\"611\" src=\"https:\/\/www.jgp-engineering.com\/wp-content\/uploads\/IMG_6386-002-6.jpg\" alt=\"\" class=\"wp-image-100003261\" style=\"aspect-ratio:1;object-fit:cover;width:200px\" srcset=\"https:\/\/www.jgp-engineering.com\/wp-content\/uploads\/IMG_6386-002-6.jpg 934w, https:\/\/www.jgp-engineering.com\/wp-content\/uploads\/IMG_6386-002-6-300x196.jpg 300w, https:\/\/www.jgp-engineering.com\/wp-content\/uploads\/IMG_6386-002-6-770x504.jpg 770w, https:\/\/www.jgp-engineering.com\/wp-content\/uploads\/IMG_6386-002-6-50x33.jpg 50w, https:\/\/www.jgp-engineering.com\/wp-content\/uploads\/IMG_6386-002-6-293x192.jpg 293w\" sizes=\"auto, (max-width: 934px) 100vw, 934px\" \/><\/figure><\/div>\n\n\n<div class=\"wp-block-stackable-spacer stk-block-spacer stk--no-padding stk-block stk-4481c10\" data-block-id=\"4481c10\"><style>.stk-4481c10 {height:10px !important;}<\/style><\/div>\n\n\n\n<div class=\"wp-block-stackable-button-group aligncenter stk-block-button-group stk-block stk-f444f09\" data-block-id=\"f444f09\"><div class=\"stk-row stk-inner-blocks has-text-align-space-around stk-block-content stk-button-group\">\n<div class=\"wp-block-stackable-button stk-block-button stk-block stk-662a76c\" data-block-id=\"662a76c\"><style>.stk-662a76c .stk-button{background:#000000 !important;}.stk-662a76c .stk-button__inner-text{color:#ffffff !important;}<\/style><a class=\"stk-link stk-button stk--hover-effect-darken\" href=\"https:\/\/www.jgp-engineering.com\/de\/unternehmen\/\"><span class=\"has-text-color stk-button__inner-text\">\u00dcber uns<\/span><\/a><\/div>\n<\/div><\/div>\n<\/div>\n\n\n\n<div class=\"wp-block-column is-layout-flow wp-block-column-is-layout-flow\"><div class=\"wp-block-image\">\n<figure class=\"aligncenter size-full is-resized\"><img loading=\"lazy\" decoding=\"async\" width=\"494\" height=\"513\" src=\"https:\/\/www.jgp-engineering.com\/wp-content\/uploads\/srj2-1-e1769111152930.png\" alt=\"\" class=\"wp-image-100003065\" style=\"aspect-ratio:1;object-fit:cover;width:200px\" srcset=\"https:\/\/www.jgp-engineering.com\/wp-content\/uploads\/srj2-1-e1769111152930.png 494w, https:\/\/www.jgp-engineering.com\/wp-content\/uploads\/srj2-1-e1769111152930-289x300.png 289w, https:\/\/www.jgp-engineering.com\/wp-content\/uploads\/srj2-1-e1769111152930-50x52.png 50w, https:\/\/www.jgp-engineering.com\/wp-content\/uploads\/srj2-1-e1769111152930-293x304.png 293w\" sizes=\"auto, (max-width: 494px) 100vw, 494px\" \/><\/figure><\/div>\n\n\n<div class=\"wp-block-stackable-spacer stk-block-spacer stk--no-padding stk-block stk-befdf45\" data-block-id=\"befdf45\"><style>.stk-befdf45 {height:10px !important;}<\/style><\/div>\n\n\n\n<div class=\"wp-block-stackable-button-group aligncenter stk-block-button-group stk-block stk-f528178\" data-block-id=\"f528178\"><div class=\"stk-row stk-inner-blocks has-text-align-space-around stk-block-content stk-button-group\">\n<div class=\"wp-block-stackable-button stk-block-button stk-block stk-fef79f5\" data-block-id=\"fef79f5\"><style>.stk-fef79f5 .stk-button{background:#000000 !important;}.stk-fef79f5 .stk-button__inner-text{color:#ffffff !important;}<\/style><a class=\"stk-link stk-button stk--hover-effect-darken\" href=\"https:\/\/www.jgp-engineering.com\/de\/leistungen\/\"><span class=\"has-text-color stk-button__inner-text\">Leistungen<\/span><\/a><\/div>\n<\/div><\/div>\n<\/div>\n\n\n\n<div class=\"wp-block-column is-layout-flow wp-block-column-is-layout-flow\"><div class=\"wp-block-image\">\n<figure class=\"aligncenter size-large is-resized\"><img loading=\"lazy\" decoding=\"async\" width=\"816\" height=\"1024\" src=\"https:\/\/www.jgp-engineering.com\/wp-content\/uploads\/pfn7-1-e1769114683628-816x1024.png\" alt=\"\" class=\"wp-image-100002681\" style=\"aspect-ratio:1;object-fit:cover;width:200px\" srcset=\"https:\/\/www.jgp-engineering.com\/wp-content\/uploads\/pfn7-1-e1769114683628-816x1024.png 816w, https:\/\/www.jgp-engineering.com\/wp-content\/uploads\/pfn7-1-e1769114683628-239x300.png 239w, https:\/\/www.jgp-engineering.com\/wp-content\/uploads\/pfn7-1-e1769114683628-770x966.png 770w, https:\/\/www.jgp-engineering.com\/wp-content\/uploads\/pfn7-1-e1769114683628-50x63.png 50w, https:\/\/www.jgp-engineering.com\/wp-content\/uploads\/pfn7-1-e1769114683628-500x627.png 500w, https:\/\/www.jgp-engineering.com\/wp-content\/uploads\/pfn7-1-e1769114683628-293x368.png 293w, https:\/\/www.jgp-engineering.com\/wp-content\/uploads\/pfn7-1-e1769114683628.png 832w\" sizes=\"auto, (max-width: 816px) 100vw, 816px\" \/><\/figure><\/div>\n\n\n<div class=\"wp-block-stackable-spacer stk-block-spacer stk--no-padding stk-block stk-3b14114\" data-block-id=\"3b14114\"><style>.stk-3b14114 {height:10px !important;}<\/style><\/div>\n\n\n\n<div class=\"wp-block-stackable-button-group aligncenter stk-block-button-group stk-block stk-14fd72c\" data-block-id=\"14fd72c\"><div class=\"stk-row stk-inner-blocks has-text-align-space-around stk-block-content stk-button-group\">\n<div class=\"wp-block-stackable-button stk-block-button stk-block stk-856d89c\" data-block-id=\"856d89c\"><style>.stk-856d89c .stk-button{background:#000000 !important;}.stk-856d89c .stk-button__inner-text{color:#ffffff !important;}<\/style><a class=\"stk-link stk-button stk--hover-effect-darken\" href=\"https:\/\/www.jgp-engineering.com\/de\/referencje\/\"><span class=\"has-text-color stk-button__inner-text\">Referenzen<\/span><\/a><\/div>\n<\/div><\/div>\n<\/div>\n\n\n\n<div class=\"wp-block-column is-layout-flow wp-block-column-is-layout-flow\"><div class=\"wp-block-image\">\n<figure class=\"aligncenter size-full is-resized\"><img loading=\"lazy\" decoding=\"async\" width=\"887\" height=\"887\" src=\"https:\/\/www.jgp-engineering.com\/wp-content\/uploads\/www1-1.png\" alt=\"\" class=\"wp-image-100003263\" style=\"aspect-ratio:1;object-fit:cover;width:200px\" srcset=\"https:\/\/www.jgp-engineering.com\/wp-content\/uploads\/www1-1.png 887w, https:\/\/www.jgp-engineering.com\/wp-content\/uploads\/www1-1-300x300.png 300w, https:\/\/www.jgp-engineering.com\/wp-content\/uploads\/www1-1-250x250.png 250w, https:\/\/www.jgp-engineering.com\/wp-content\/uploads\/www1-1-770x770.png 770w, https:\/\/www.jgp-engineering.com\/wp-content\/uploads\/www1-1-50x50.png 50w, https:\/\/www.jgp-engineering.com\/wp-content\/uploads\/www1-1-100x100.png 100w, https:\/\/www.jgp-engineering.com\/wp-content\/uploads\/www1-1-293x293.png 293w, https:\/\/www.jgp-engineering.com\/wp-content\/uploads\/www1-1-390x390.png 390w, https:\/\/www.jgp-engineering.com\/wp-content\/uploads\/www1-1-585x585.png 585w\" sizes=\"auto, (max-width: 887px) 100vw, 887px\" \/><\/figure><\/div>\n\n\n<div class=\"wp-block-stackable-spacer stk-block-spacer stk--no-padding stk-block stk-3b56283\" data-block-id=\"3b56283\"><style>.stk-3b56283 {height:10px !important;}<\/style><\/div>\n\n\n\n<div class=\"wp-block-stackable-button-group aligncenter stk-block-button-group stk-block stk-46d0ad5\" data-block-id=\"46d0ad5\"><div class=\"stk-row stk-inner-blocks has-text-align-space-around stk-block-content stk-button-group\">\n<div class=\"wp-block-stackable-button stk-block-button has-text-align-center stk-block stk-40bf1e4\" data-block-id=\"40bf1e4\"><style>.stk-40bf1e4 .stk-button{background:#000000 !important;}.stk-40bf1e4 .stk-button__inner-text{color:#ffffff !important;}<\/style><a class=\"stk-link stk-button stk--hover-effect-darken\" href=\"https:\/\/www.jgp-engineering.com\/de\/kontakt\/\"><span class=\"has-text-color stk-button__inner-text\">Kontakt aufnehmen<\/span><\/a><\/div>\n<\/div><\/div>\n<\/div>\n<\/div>\n","protected":false},"excerpt":{"rendered":"<p>JGP Engineering sp. z o.o. mit Sitz in Wroc\u0142aw liefert seit 2018 Ingenieurdienstleistungen und Unterst\u00fctzung im Projektmanagement f\u00fcr strategische Wirtschaftssektoren: Energie, Kraftstoffe, Chemie sowie die Lebensmittelindustrie. Wir spezialisieren uns auf die umfassende Erstellung technischer Dokumentationen f\u00fcr Stahl-, Edelstahl- und Aluminiumkonstruktionen. Unsere Projektl\u00f6sungen entwickeln wir gezielt f\u00fcr den anspruchsvollen europ\u00e4ischen Markt. Engineering, auf das Sie sich verlassen k\u00f6nnen. 3D-Modellierung \u2022 Technische Dokumentation \u2022 Statische Berechnungen \u2022 Ingenieurberatung Suchen Sie einen zuverl\u00e4ssigen Partner und professionelle technische Unterst\u00fctzung f\u00fcr Ihr Projekt? Nehmen Sie [&hellip;]<\/p>\n","protected":false},"author":1,"featured_media":100002657,"parent":0,"menu_order":0,"comment_status":"closed","ping_status":"closed","template":"","meta":{"footnotes":""},"class_list":["post-100000073","page","type-page","status-publish","has-post-thumbnail","hentry"],"featured_image_urls_v2":{"full":["https:\/\/www.jgp-engineering.com\/wp-content\/uploads\/unnamed.jpg",1019,362,false],"thumbnail":["https:\/\/www.jgp-engineering.com\/wp-content\/uploads\/unnamed-250x250.jpg",250,250,true],"medium":["https:\/\/www.jgp-engineering.com\/wp-content\/uploads\/unnamed-300x107.jpg",300,107,true],"medium_large":["https:\/\/www.jgp-engineering.com\/wp-content\/uploads\/unnamed-770x274.jpg",770,274,true],"large":["https:\/\/www.jgp-engineering.com\/wp-content\/uploads\/unnamed.jpg",1019,362,false],"gs-tiny":["https:\/\/www.jgp-engineering.com\/wp-content\/uploads\/unnamed-50x18.jpg",50,18,true],"xl":["https:\/\/www.jgp-engineering.com\/wp-content\/uploads\/unnamed.jpg",1019,362,false],"xxl":["https:\/\/www.jgp-engineering.com\/wp-content\/uploads\/unnamed.jpg",1019,362,false],"xxxl":["https:\/\/www.jgp-engineering.com\/wp-content\/uploads\/unnamed.jpg",1019,362,false],"xxxxl":["https:\/\/www.jgp-engineering.com\/wp-content\/uploads\/unnamed.jpg",1019,362,false],"xxxxxl":["https:\/\/www.jgp-engineering.com\/wp-content\/uploads\/unnamed.jpg",1019,362,false],"1536x1536":["https:\/\/www.jgp-engineering.com\/wp-content\/uploads\/unnamed.jpg",1019,362,false],"2048x2048":["https:\/\/www.jgp-engineering.com\/wp-content\/uploads\/unnamed.jpg",1019,362,false],"post-thumbnail":["https:\/\/www.jgp-engineering.com\/wp-content\/uploads\/unnamed-100x100.jpg",100,100,true],"zeen-370-247":["https:\/\/www.jgp-engineering.com\/wp-content\/uploads\/unnamed-370x247.jpg",370,247,true],"zeen-585-293":["https:\/\/www.jgp-engineering.com\/wp-content\/uploads\/unnamed-585x293.jpg",585,293,true],"zeen-770-513":["https:\/\/www.jgp-engineering.com\/wp-content\/uploads\/unnamed-770x362.jpg",770,362,true],"zeen-1155-770":["https:\/\/www.jgp-engineering.com\/wp-content\/uploads\/unnamed.jpg",1019,362,false],"zeen-1170-585":["https:\/\/www.jgp-engineering.com\/wp-content\/uploads\/unnamed.jpg",1019,362,false],"zeen-1500-750":["https:\/\/www.jgp-engineering.com\/wp-content\/uploads\/unnamed.jpg",1019,362,false],"zeen-293-293":["https:\/\/www.jgp-engineering.com\/wp-content\/uploads\/unnamed-293x293.jpg",293,293,true],"zeen-390-390":["https:\/\/www.jgp-engineering.com\/wp-content\/uploads\/unnamed-390x362.jpg",390,362,true],"zeen-585-585":["https:\/\/www.jgp-engineering.com\/wp-content\/uploads\/unnamed-585x362.jpg",585,362,true],"zeen-900-900":["https:\/\/www.jgp-engineering.com\/wp-content\/uploads\/unnamed-900x362.jpg",900,362,true],"zeen-370-490":["https:\/\/www.jgp-engineering.com\/wp-content\/uploads\/unnamed-370x362.jpg",370,362,true],"zeen-585-775":["https:\/\/www.jgp-engineering.com\/wp-content\/uploads\/unnamed-585x362.jpg",585,362,true],"zeen-770-1020":["https:\/\/www.jgp-engineering.com\/wp-content\/uploads\/unnamed-770x362.jpg",770,362,true],"zeen-293-full":["https:\/\/www.jgp-engineering.com\/wp-content\/uploads\/unnamed-293x104.jpg",293,104,true],"zeen-770-full":["https:\/\/www.jgp-engineering.com\/wp-content\/uploads\/unnamed-770x274.jpg",770,274,true],"zeen-1400-full":["https:\/\/www.jgp-engineering.com\/wp-content\/uploads\/unnamed.jpg",1019,362,false]},"post_excerpt_stackable_v2":"<p>JGP Engineering sp. z o.o. mit Sitz in Wroc\u0142aw liefert seit 2018 Ingenieurdienstleistungen und Unterst\u00fctzung im Projektmanagement f\u00fcr strategische Wirtschaftssektoren: Energie, Kraftstoffe, Chemie sowie die Lebensmittelindustrie. Wir spezialisieren uns auf die umfassende Erstellung technischer Dokumentationen f\u00fcr Stahl-, Edelstahl- und Aluminiumkonstruktionen. Unsere Projektl\u00f6sungen entwickeln wir gezielt f\u00fcr den anspruchsvollen europ\u00e4ischen Markt. Engineering, auf das Sie sich verlassen k\u00f6nnen. 3D-Modellierung \u2022 Technische Dokumentation \u2022 Statische Berechnungen \u2022 Ingenieurberatung Suchen Sie einen zuverl\u00e4ssigen Partner und professionelle technische Unterst\u00fctzung f\u00fcr Ihr Projekt? Nehmen Sie noch heute Kontakt mit unserem Team auf und lassen Sie uns \u00fcber Ihre Projektanforderungen sprechen. \u00dcber uns Leistungen Referenzen Kontakt&hellip;<\/p>\n","category_list_v2":"","author_info_v2":{"name":"admin","url":"https:\/\/www.jgp-engineering.com\/de\/author\/admin\/"},"comments_num_v2":"0 comments","jetpack_sharing_enabled":true,"_links":{"self":[{"href":"https:\/\/www.jgp-engineering.com\/de\/wp-json\/wp\/v2\/pages\/100000073","targetHints":{"allow":["GET"]}}],"collection":[{"href":"https:\/\/www.jgp-engineering.com\/de\/wp-json\/wp\/v2\/pages"}],"about":[{"href":"https:\/\/www.jgp-engineering.com\/de\/wp-json\/wp\/v2\/types\/page"}],"author":[{"embeddable":true,"href":"https:\/\/www.jgp-engineering.com\/de\/wp-json\/wp\/v2\/users\/1"}],"replies":[{"embeddable":true,"href":"https:\/\/www.jgp-engineering.com\/de\/wp-json\/wp\/v2\/comments?post=100000073"}],"version-history":[{"count":91,"href":"https:\/\/www.jgp-engineering.com\/de\/wp-json\/wp\/v2\/pages\/100000073\/revisions"}],"predecessor-version":[{"id":100003286,"href":"https:\/\/www.jgp-engineering.com\/de\/wp-json\/wp\/v2\/pages\/100000073\/revisions\/100003286"}],"wp:featuredmedia":[{"embeddable":true,"href":"https:\/\/www.jgp-engineering.com\/de\/wp-json\/wp\/v2\/media\/100002657"}],"wp:attachment":[{"href":"https:\/\/www.jgp-engineering.com\/de\/wp-json\/wp\/v2\/media?parent=100000073"}],"curies":[{"name":"wp","href":"https:\/\/api.w.org\/{rel}","templated":true}]}}