{"id":100001935,"date":"2019-06-10T10:27:56","date_gmt":"2019-06-10T10:27:56","guid":{"rendered":"https:\/\/www.jgp-engineering.com\/firma\/"},"modified":"2026-01-22T21:38:13","modified_gmt":"2026-01-22T21:38:13","slug":"unternehmen","status":"publish","type":"page","link":"https:\/\/www.jgp-engineering.com\/de\/unternehmen\/","title":{"rendered":"\u00dcber uns"},"content":{"rendered":"\n<h3 class=\"wp-block-heading alignfull has-text-align-center has-white-color has-midnight-gradient-background has-text-color has-background has-link-color wp-elements-7488a8e6dd4087f874ab107bf96572d3\">Unsere Definition von Engineering: Joint. Generation. Precision.<\/h3>\n\n\n\n<p class=\"has-medium-font-size\">In unserer t\u00e4glichen Arbeit lassen wir uns von unserem eigenem Ansatz leiten, der die Qualit\u00e4t unserer Dienstleistungen definiert:<\/p>\n\n\n\n<div class=\"wp-block-columns are-vertically-aligned-center is-layout-flex wp-container-core-columns-is-layout-1 wp-block-columns-is-layout-flex\">\n<div class=\"wp-block-column is-vertically-aligned-center is-layout-flow wp-block-column-is-layout-flow\" style=\"flex-basis:33.33%\">\n<figure class=\"wp-block-image size-full\"><img loading=\"lazy\" decoding=\"async\" width=\"934\" height=\"611\" src=\"https:\/\/www.jgp-engineering.com\/wp-content\/uploads\/IMG_6386-002-5.jpg\" alt=\"\" class=\"wp-image-100002655\" srcset=\"https:\/\/www.jgp-engineering.com\/wp-content\/uploads\/IMG_6386-002-5.jpg 934w, https:\/\/www.jgp-engineering.com\/wp-content\/uploads\/IMG_6386-002-5-300x196.jpg 300w, https:\/\/www.jgp-engineering.com\/wp-content\/uploads\/IMG_6386-002-5-770x504.jpg 770w, https:\/\/www.jgp-engineering.com\/wp-content\/uploads\/IMG_6386-002-5-50x33.jpg 50w, https:\/\/www.jgp-engineering.com\/wp-content\/uploads\/IMG_6386-002-5-293x192.jpg 293w\" sizes=\"auto, (max-width: 934px) 100vw, 934px\" \/><\/figure>\n<\/div>\n\n\n\n<div class=\"wp-block-column is-vertically-aligned-center is-layout-flow wp-block-column-is-layout-flow\" style=\"flex-basis:66.66%\">\n<ul class=\"wp-block-list\">\n<li class=\"has-medium-font-size\"><strong>Wir entwerfen mit Blick auf Integrit\u00e4t. <\/strong>Jedes konstruktive Detail und jede Beziehung zu unseren Gesch\u00e4ftspartnern basiert auf Transparenz und soliden Fundamenten. Wir bauen dauerhafte Br\u00fccken zwischen Vision und Realisierung.<\/li>\n<\/ul>\n\n\n\n<ul class=\"wp-block-list\">\n<li class=\"has-medium-font-size\">Wir nutzen modernste <strong>Technologien und KI-gest\u00fctzte L\u00f6sungen<\/strong>. Wir gestalten die n\u00e4chste Generation des Ingenieurwesens durch Innovation und digitales Design.<\/li>\n<\/ul>\n\n\n\n<ul class=\"wp-block-list\">\n<li class=\"has-medium-font-size\">Bei statischen Berechnungen und fortschrittlicher 3D-Modellierung gehen wir keine Kompromisse ein. <strong>Pr\u00e4zision ist unser einziger Ma\u00dfstab<\/strong> \u2013 von der ersten Analyse bis zur finalen Ausf\u00fchrungsdokumentation.<\/li>\n<\/ul>\n<\/div>\n<\/div>\n\n\n\n<p class=\"has-medium-font-size\">F\u00fcr uns bedeutet Engineering Pr\u00e4zision, die durch die leistungsst\u00e4rksten Werkzeuge auf dem Markt unterst\u00fctzt wird. Zur Bew\u00e4ltigung der anspruchsvollsten Herausforderungen setzen wir spezialisierte Softwarel\u00f6sungen ein.<\/p>\n\n\n\n<div class=\"wp-block-stackable-button-group stk-block-button-group stk-block stk-36cd0b2\" data-block-id=\"36cd0b2\"><div class=\"stk-row stk-inner-blocks has-text-align-space-around stk-block-content stk-button-group\">\n<div class=\"wp-block-stackable-button stk-block-button stk-block stk-1730c3f\" data-block-id=\"1730c3f\"><style>.stk-1730c3f .stk-button{background:#000000 !important;}.stk-1730c3f .stk-button__inner-text{color:#ffffff !important;}<\/style><a class=\"stk-link stk-button stk--hover-effect-darken\" href=\"https:\/\/www.jgp-engineering.com\/de\/referencje\/\"><span class=\"has-text-color stk-button__inner-text\">Projekte entdecken<\/span><\/a><\/div>\n\n\n\n<div class=\"wp-block-stackable-button stk-block-button stk-block stk-f4cbd9a\" data-block-id=\"f4cbd9a\"><style>.stk-f4cbd9a .stk-button{background:#000000 !important;}.stk-f4cbd9a .stk-button__inner-text{color:#ffffff !important;}<\/style><a class=\"stk-link stk-button stk--hover-effect-darken\" href=\"https:\/\/www.jgp-engineering.com\/de\/kontakt\/\"><span class=\"has-text-color stk-button__inner-text\">Jetzt kontaktieren<\/span><\/a><\/div>\n<\/div><\/div>\n","protected":false},"excerpt":{"rendered":"<p>Unsere Definition von Engineering: Joint. Generation. Precision. In unserer t\u00e4glichen Arbeit lassen wir uns von unserem eigenem Ansatz leiten, der die Qualit\u00e4t unserer Dienstleistungen definiert: F\u00fcr uns bedeutet Engineering Pr\u00e4zision, die durch die leistungsst\u00e4rksten Werkzeuge auf dem Markt unterst\u00fctzt wird. Zur Bew\u00e4ltigung der anspruchsvollsten Herausforderungen setzen wir spezialisierte Softwarel\u00f6sungen ein. Projekte entdecken Jetzt kontaktieren<\/p>\n","protected":false},"author":1,"featured_media":100001937,"parent":0,"menu_order":0,"comment_status":"closed","ping_status":"closed","template":"","meta":{"footnotes":""},"class_list":["post-100001935","page","type-page","status-publish","has-post-thumbnail","hentry"],"featured_image_urls_v2":{"full":["https:\/\/www.jgp-engineering.com\/wp-content\/uploads\/2019\/06\/company.jpg",1200,800,false],"thumbnail":["https:\/\/www.jgp-engineering.com\/wp-content\/uploads\/2019\/06\/company-250x250.jpg",250,250,true],"medium":["https:\/\/www.jgp-engineering.com\/wp-content\/uploads\/2019\/06\/company-300x200.jpg",300,200,true],"medium_large":["https:\/\/www.jgp-engineering.com\/wp-content\/uploads\/2019\/06\/company-770x513.jpg",770,513,true],"large":["https:\/\/www.jgp-engineering.com\/wp-content\/uploads\/2019\/06\/company-1024x683.jpg",1024,683,true],"gs-tiny":["https:\/\/www.jgp-engineering.com\/wp-content\/uploads\/2019\/06\/company.jpg",50,33,false],"xl":["https:\/\/www.jgp-engineering.com\/wp-content\/uploads\/2019\/06\/company.jpg",1200,800,false],"xxl":["https:\/\/www.jgp-engineering.com\/wp-content\/uploads\/2019\/06\/company.jpg",1200,800,false],"xxxl":["https:\/\/www.jgp-engineering.com\/wp-content\/uploads\/2019\/06\/company.jpg",1200,800,false],"xxxxl":["https:\/\/www.jgp-engineering.com\/wp-content\/uploads\/2019\/06\/company.jpg",1200,800,false],"xxxxxl":["https:\/\/www.jgp-engineering.com\/wp-content\/uploads\/2019\/06\/company.jpg",1200,800,false],"1536x1536":["https:\/\/www.jgp-engineering.com\/wp-content\/uploads\/2019\/06\/company.jpg",1200,800,false],"2048x2048":["https:\/\/www.jgp-engineering.com\/wp-content\/uploads\/2019\/06\/company.jpg",1200,800,false],"post-thumbnail":["https:\/\/www.jgp-engineering.com\/wp-content\/uploads\/2019\/06\/company-100x100.jpg",100,100,true],"zeen-370-247":["https:\/\/www.jgp-engineering.com\/wp-content\/uploads\/2019\/06\/company-370x247.jpg",370,247,true],"zeen-585-293":["https:\/\/www.jgp-engineering.com\/wp-content\/uploads\/2019\/06\/company-585x293.jpg",585,293,true],"zeen-770-513":["https:\/\/www.jgp-engineering.com\/wp-content\/uploads\/2019\/06\/company-770x513.jpg",770,513,true],"zeen-1155-770":["https:\/\/www.jgp-engineering.com\/wp-content\/uploads\/2019\/06\/company-1155x770.jpg",1155,770,true],"zeen-1170-585":["https:\/\/www.jgp-engineering.com\/wp-content\/uploads\/2019\/06\/company-1170x585.jpg",1170,585,true],"zeen-1500-750":["https:\/\/www.jgp-engineering.com\/wp-content\/uploads\/2019\/06\/company-1200x750.jpg",1200,750,true],"zeen-293-293":["https:\/\/www.jgp-engineering.com\/wp-content\/uploads\/2019\/06\/company-293x293.jpg",293,293,true],"zeen-390-390":["https:\/\/www.jgp-engineering.com\/wp-content\/uploads\/2019\/06\/company-390x390.jpg",390,390,true],"zeen-585-585":["https:\/\/www.jgp-engineering.com\/wp-content\/uploads\/2019\/06\/company-585x585.jpg",585,585,true],"zeen-900-900":["https:\/\/www.jgp-engineering.com\/wp-content\/uploads\/2019\/06\/company-900x800.jpg",900,800,true],"zeen-370-490":["https:\/\/www.jgp-engineering.com\/wp-content\/uploads\/2019\/06\/company-370x490.jpg",370,490,true],"zeen-585-775":["https:\/\/www.jgp-engineering.com\/wp-content\/uploads\/2019\/06\/company-585x775.jpg",585,775,true],"zeen-770-1020":["https:\/\/www.jgp-engineering.com\/wp-content\/uploads\/2019\/06\/company-770x800.jpg",770,800,true],"zeen-293-full":["https:\/\/www.jgp-engineering.com\/wp-content\/uploads\/2019\/06\/company-293x195.jpg",293,195,true],"zeen-770-full":["https:\/\/www.jgp-engineering.com\/wp-content\/uploads\/2019\/06\/company-770x513.jpg",770,513,true],"zeen-1400-full":["https:\/\/www.jgp-engineering.com\/wp-content\/uploads\/2019\/06\/company.jpg",1200,800,false]},"post_excerpt_stackable_v2":"<p>Unsere Definition von Engineering: Joint. Generation. Precision. In unserer t\u00e4glichen Arbeit lassen wir uns von unserem eigenem Ansatz leiten, der die Qualit\u00e4t unserer Dienstleistungen definiert: Wir entwerfen mit Blick auf Integrit\u00e4t. Jedes konstruktive Detail und jede Beziehung zu unseren Gesch\u00e4ftspartnern basiert auf Transparenz und soliden Fundamenten. Wir bauen dauerhafte Br\u00fccken zwischen Vision und Realisierung. Wir nutzen modernste Technologien und KI-gest\u00fctzte L\u00f6sungen. Wir gestalten die n\u00e4chste Generation des Ingenieurwesens durch Innovation und digitales Design. Bei statischen Berechnungen und fortschrittlicher 3D-Modellierung gehen wir keine Kompromisse ein. Pr\u00e4zision ist unser einziger Ma\u00dfstab \u2013 von der ersten Analyse bis zur finalen Ausf\u00fchrungsdokumentation. F\u00fcr uns&hellip;<\/p>\n","category_list_v2":"","author_info_v2":{"name":"admin","url":"https:\/\/www.jgp-engineering.com\/de\/author\/admin\/"},"comments_num_v2":"0 comments","jetpack_sharing_enabled":true,"_links":{"self":[{"href":"https:\/\/www.jgp-engineering.com\/de\/wp-json\/wp\/v2\/pages\/100001935","targetHints":{"allow":["GET"]}}],"collection":[{"href":"https:\/\/www.jgp-engineering.com\/de\/wp-json\/wp\/v2\/pages"}],"about":[{"href":"https:\/\/www.jgp-engineering.com\/de\/wp-json\/wp\/v2\/types\/page"}],"author":[{"embeddable":true,"href":"https:\/\/www.jgp-engineering.com\/de\/wp-json\/wp\/v2\/users\/1"}],"replies":[{"embeddable":true,"href":"https:\/\/www.jgp-engineering.com\/de\/wp-json\/wp\/v2\/comments?post=100001935"}],"version-history":[{"count":23,"href":"https:\/\/www.jgp-engineering.com\/de\/wp-json\/wp\/v2\/pages\/100001935\/revisions"}],"predecessor-version":[{"id":100003155,"href":"https:\/\/www.jgp-engineering.com\/de\/wp-json\/wp\/v2\/pages\/100001935\/revisions\/100003155"}],"wp:featuredmedia":[{"embeddable":true,"href":"https:\/\/www.jgp-engineering.com\/de\/wp-json\/wp\/v2\/media\/100001937"}],"wp:attachment":[{"href":"https:\/\/www.jgp-engineering.com\/de\/wp-json\/wp\/v2\/media?parent=100001935"}],"curies":[{"name":"wp","href":"https:\/\/api.w.org\/{rel}","templated":true}]}}