{"id":100001998,"date":"2019-06-10T10:32:25","date_gmt":"2019-06-10T10:32:25","guid":{"rendered":"https:\/\/www.jgp-engineering.com\/oferta\/"},"modified":"2026-02-12T09:17:13","modified_gmt":"2026-02-12T09:17:13","slug":"leistungen","status":"publish","type":"page","link":"https:\/\/www.jgp-engineering.com\/de\/leistungen\/","title":{"rendered":"Leistungen"},"content":{"rendered":"\n<h3 class=\"wp-block-heading alignfull has-text-align-center has-white-color has-midnight-gradient-background has-text-color has-background has-link-color wp-elements-21ef75af7a698d82e6e42ff097b153a1\">Ingenieurb\u00fcro f\u00fcr technische Dokumentation, Statik und 3D-Modellierung<\/h3>\n\n\n\n<p class=\"has-text-align-center has-medium-font-size\">Wir unterst\u00fctzen Industrieunternehmen bei der Planung und Umsetzung komplexer Projekte \u2013 zuverl\u00e4ssig, pr\u00e4zise und normgerecht.<\/p>\n\n\n\n<div class=\"wp-block-columns is-layout-flex wp-container-core-columns-is-layout-1 wp-block-columns-is-layout-flex\">\n<div class=\"wp-block-column is-vertically-aligned-top is-layout-flow wp-block-column-is-layout-flow\">\n<div class=\"wp-block-ugb-team-member ugb-team-member ugb-94f8395 ugb-team-member--v3 ugb-team-member--design-basic ugb-team-member--columns-2 ugb-main-block\"><style>.ugb-94f8395 .ugb-team-member__item{border-radius:12px !important}.ugb-94f8395 .ugb-img{-webkit-mask-image:url('data:image\/svg+xml;base64,PHN2ZyB4bWxucz0iaHR0cDovL3d3dy53My5vcmcvMjAwMC9zdmciIHZpZXdCb3g9IjAgMCAyMDAgMjAwIj48cGF0aCBjbGFzcz0ic3F1YXJlX3N2Z19fc3QwIiBkPSJNMCAwaDIwMHYyMDBIMHoiPjwvcGF0aD48L3N2Zz4=');mask-image:url('data:image\/svg+xml;base64,PHN2ZyB4bWxucz0iaHR0cDovL3d3dy53My5vcmcvMjAwMC9zdmciIHZpZXdCb3g9IjAgMCAyMDAgMjAwIj48cGF0aCBjbGFzcz0ic3F1YXJlX3N2Z19fc3QwIiBkPSJNMCAwaDIwMHYyMDBIMHoiPjwvcGF0aD48L3N2Zz4=')}@media screen and (min-width:768px){.ugb-94f8395 .ugb-img{width:220px;height:220px !important}}@media screen and (min-width:1025px){.ugb-94f8395 .ugb-team-member__image{width:220px !important}}@media screen and (min-width:768px){.ugb-94f8395 > .ugb-inner-block > .ugb-block-content > *{padding-top:4px !important;padding-bottom:4px !important;padding-right:4px !important;padding-left:4px !important}}<\/style><div class=\"ugb-inner-block\"><div class=\"ugb-block-content\"><div class=\"ugb-team-member__item ugb-team-member__item1 ugb--shadow-7\"><div class=\"ugb-team-member__image\"><img loading=\"lazy\" decoding=\"async\" width=\"1024\" height=\"1024\" class=\"ugb-img wp-image-100003062 ugb-img--shape\" src=\"https:\/\/www.jgp-engineering.com\/wp-content\/uploads\/3408-3-1024x1024.png\" alt=\"Bau- und Ingenieurkonstruktionen\" title=\"\" srcset=\"https:\/\/www.jgp-engineering.com\/wp-content\/uploads\/3408-3-1024x1024.png 1024w, https:\/\/www.jgp-engineering.com\/wp-content\/uploads\/3408-3-300x300.png 300w, https:\/\/www.jgp-engineering.com\/wp-content\/uploads\/3408-3-250x250.png 250w, https:\/\/www.jgp-engineering.com\/wp-content\/uploads\/3408-3-770x770.png 770w, https:\/\/www.jgp-engineering.com\/wp-content\/uploads\/3408-3-50x50.png 50w, https:\/\/www.jgp-engineering.com\/wp-content\/uploads\/3408-3-500x500.png 500w, https:\/\/www.jgp-engineering.com\/wp-content\/uploads\/3408-3-293x293.png 293w, https:\/\/www.jgp-engineering.com\/wp-content\/uploads\/3408-3-100x100.png 100w, https:\/\/www.jgp-engineering.com\/wp-content\/uploads\/3408-3-390x390.png 390w, https:\/\/www.jgp-engineering.com\/wp-content\/uploads\/3408-3-585x585.png 585w, https:\/\/www.jgp-engineering.com\/wp-content\/uploads\/3408-3-900x900.png 900w, https:\/\/www.jgp-engineering.com\/wp-content\/uploads\/3408-3.png 1080w\" sizes=\"auto, (max-width: 1024px) 100vw, 1024px\" \/><\/div><div class=\"ugb-team-member__content\"><div class=\"ugb-team-member__title\"><h4 class=\"ugb-team-member__name\"><strong>Bau- und Ingenieurkonstruktionen<\/strong><\/h4><\/div><\/div><\/div><div class=\"ugb-team-member__item ugb-team-member__item2 ugb--shadow-7\"><div class=\"ugb-team-member__image\"><img loading=\"lazy\" decoding=\"async\" width=\"627\" height=\"819\" class=\"ugb-img wp-image-100002411 ugb-img--shape\" src=\"https:\/\/www.jgp-engineering.com\/wp-content\/uploads\/Bez-tytulu5-1.jpg\" alt=\"Statische Berechnungen&nbsp;\" title=\"\" srcset=\"https:\/\/www.jgp-engineering.com\/wp-content\/uploads\/Bez-tytulu5-1.jpg 627w, https:\/\/www.jgp-engineering.com\/wp-content\/uploads\/Bez-tytulu5-1-230x300.jpg 230w, https:\/\/www.jgp-engineering.com\/wp-content\/uploads\/Bez-tytulu5-1-50x65.jpg 50w, https:\/\/www.jgp-engineering.com\/wp-content\/uploads\/Bez-tytulu5-1-500x653.jpg 500w, https:\/\/www.jgp-engineering.com\/wp-content\/uploads\/Bez-tytulu5-1-293x383.jpg 293w\" sizes=\"auto, (max-width: 627px) 100vw, 627px\" \/><\/div><div class=\"ugb-team-member__content\"><div class=\"ugb-team-member__title\"><h4 class=\"ugb-team-member__name\"><strong>Statische Berechnungen<\/strong>&nbsp;<\/h4><\/div><\/div><\/div><\/div><\/div><\/div>\n<\/div>\n\n\n\n<div class=\"wp-block-column is-vertically-aligned-top is-layout-flow wp-block-column-is-layout-flow\">\n<div class=\"wp-block-ugb-team-member ugb-team-member ugb-8d11811 ugb-team-member--v3 ugb-team-member--design-basic ugb-team-member--columns-2 ugb-main-block\"><style>.ugb-8d11811 .ugb-team-member__item{border-radius:12px !important}.ugb-8d11811 .ugb-img{-webkit-mask-image:url('data:image\/svg+xml;base64,PHN2ZyB4bWxucz0iaHR0cDovL3d3dy53My5vcmcvMjAwMC9zdmciIHZpZXdCb3g9IjAgMCAyMDAgMjAwIj48cGF0aCBjbGFzcz0ic3F1YXJlX3N2Z19fc3QwIiBkPSJNMCAwaDIwMHYyMDBIMHoiPjwvcGF0aD48L3N2Zz4=');mask-image:url('data:image\/svg+xml;base64,PHN2ZyB4bWxucz0iaHR0cDovL3d3dy53My5vcmcvMjAwMC9zdmciIHZpZXdCb3g9IjAgMCAyMDAgMjAwIj48cGF0aCBjbGFzcz0ic3F1YXJlX3N2Z19fc3QwIiBkPSJNMCAwaDIwMHYyMDBIMHoiPjwvcGF0aD48L3N2Zz4=')}@media screen and (min-width:768px){.ugb-8d11811 .ugb-img{width:220px;height:220px !important}}@media screen and (min-width:1025px){.ugb-8d11811 .ugb-team-member__image{width:220px !important}}@media screen and (min-width:768px){.ugb-8d11811 > .ugb-inner-block > .ugb-block-content > *{padding-top:4px !important;padding-bottom:4px !important;padding-right:4px !important;padding-left:4px !important}}<\/style><div class=\"ugb-inner-block\"><div class=\"ugb-block-content\"><div class=\"ugb-team-member__item ugb-team-member__item1 ugb--shadow-7\"><div class=\"ugb-team-member__image\"><img loading=\"lazy\" decoding=\"async\" width=\"494\" height=\"513\" class=\"ugb-img wp-image-100003065 ugb-img--shape\" src=\"https:\/\/www.jgp-engineering.com\/wp-content\/uploads\/srj2-1-e1769111152930.png\" alt=\"Technische Beratung&nbsp;\" title=\"\" srcset=\"https:\/\/www.jgp-engineering.com\/wp-content\/uploads\/srj2-1-e1769111152930.png 494w, https:\/\/www.jgp-engineering.com\/wp-content\/uploads\/srj2-1-e1769111152930-289x300.png 289w, https:\/\/www.jgp-engineering.com\/wp-content\/uploads\/srj2-1-e1769111152930-50x52.png 50w, https:\/\/www.jgp-engineering.com\/wp-content\/uploads\/srj2-1-e1769111152930-293x304.png 293w\" sizes=\"auto, (max-width: 494px) 100vw, 494px\" \/><\/div><div class=\"ugb-team-member__content\"><div class=\"ugb-team-member__title\"><h4 class=\"ugb-team-member__name\"><strong>Technische Beratung&nbsp;<\/strong><\/h4><\/div><\/div><\/div><div class=\"ugb-team-member__item ugb-team-member__item2 ugb--shadow-7\"><div class=\"ugb-team-member__image\"><img loading=\"lazy\" decoding=\"async\" width=\"661\" height=\"941\" class=\"ugb-img wp-image-100003063 ugb-img--shape\" src=\"https:\/\/www.jgp-engineering.com\/wp-content\/uploads\/gdpie-1.png\" alt=\"Bereitstellung von technischem Personal&nbsp;\" title=\"\" srcset=\"https:\/\/www.jgp-engineering.com\/wp-content\/uploads\/gdpie-1.png 661w, https:\/\/www.jgp-engineering.com\/wp-content\/uploads\/gdpie-1-211x300.png 211w, https:\/\/www.jgp-engineering.com\/wp-content\/uploads\/gdpie-1-50x71.png 50w, https:\/\/www.jgp-engineering.com\/wp-content\/uploads\/gdpie-1-500x712.png 500w, https:\/\/www.jgp-engineering.com\/wp-content\/uploads\/gdpie-1-293x417.png 293w\" sizes=\"auto, (max-width: 661px) 100vw, 661px\" \/><\/div><div class=\"ugb-team-member__content\"><div class=\"ugb-team-member__title\"><h4 class=\"ugb-team-member__name\"><strong>Bereitstellung von technischem Personal&nbsp;<\/strong><\/h4><\/div><\/div><\/div><\/div><\/div><\/div>\n\n\n\n<p><\/p>\n<\/div>\n<\/div>\n\n\n\n<p class=\"has-medium-font-size\">Wir bieten umfassenden Service und die Unterst\u00fctzung hochqualifizierter Ingenieure f\u00fcr strategische Sektoren. Dabei garantieren wir fundierte Erfahrung gepaart mit einem modernen Planungsansatz.<\/p>\n\n\n\n<div class=\"wp-block-stackable-spacer stk-block-spacer stk--no-padding stk-block stk-c2ca77f\" data-block-id=\"c2ca77f\"><\/div>\n\n\n\n<h3 class=\"wp-block-heading\">Unsere Leistungen umfassen:<\/h3>\n\n\n\n<div class=\"wp-block-columns is-layout-flex wp-container-core-columns-is-layout-2 wp-block-columns-is-layout-flex\">\n<div class=\"wp-block-column is-layout-flow wp-block-column-is-layout-flow\" style=\"flex-basis:33.34%\">\n<ul class=\"wp-block-list\">\n<li class=\"has-medium-font-size\"><strong>detaillierte Werkstattzeichnungen<\/strong>&nbsp;<\/li>\n<\/ul>\n<\/div>\n\n\n\n<div class=\"wp-block-column is-layout-flow wp-block-column-is-layout-flow\" style=\"flex-basis:33.34%\">\n<ul class=\"wp-block-list\">\n<li class=\"has-medium-font-size\"><strong>\u00fcbersichtliche Montagepl\u00e4ne&nbsp;<\/strong><\/li>\n<\/ul>\n<\/div>\n\n\n\n<div class=\"wp-block-column is-layout-flow wp-block-column-is-layout-flow\" style=\"flex-basis:33.33%\">\n<ul class=\"wp-block-list\">\n<li class=\"has-medium-font-size\"><strong>pr\u00e4zise 3D-Modelle<\/strong><\/li>\n<\/ul>\n<\/div>\n<\/div>\n\n\n\n<div class=\"wp-block-columns is-layout-flex wp-container-core-columns-is-layout-3 wp-block-columns-is-layout-flex\">\n<div class=\"wp-block-column is-layout-flow wp-block-column-is-layout-flow\" style=\"flex-basis:33.34%\">\n<ul class=\"wp-block-list\">\n<li class=\"has-medium-font-size\"><strong>vollst\u00e4ndige Materiallisten&nbsp;<\/strong><\/li>\n<\/ul>\n<\/div>\n\n\n\n<div class=\"wp-block-column is-layout-flow wp-block-column-is-layout-flow\" style=\"flex-basis:33.34%\">\n<ul class=\"wp-block-list\">\n<li class=\"has-medium-font-size\"><strong><strong>NC-Daten sowie DXF-Dateien f\u00fcr die Fertigung<\/strong><\/strong><\/li>\n<\/ul>\n<\/div>\n\n\n\n<div class=\"wp-block-column is-layout-flow wp-block-column-is-layout-flow\" style=\"flex-basis:33.33%\">\n<ul class=\"wp-block-list\">\n<li class=\"has-medium-font-size\"><strong><strong>zuverl\u00e4ssige statische Berechnungen&nbsp;<\/strong><\/strong><\/li>\n<\/ul>\n<\/div>\n<\/div>\n\n\n\n<p class=\"has-very-light-gray-to-cyan-bluish-gray-gradient-background has-background has-medium-font-size\">Wir arbeiten mit modernster Ingenieursoftware, um pr\u00e4zise und effiziente L\u00f6sungen zu liefern:<\/p>\n\n\n\n<div class=\"wp-block-stackable-spacer stk-block-spacer stk--no-padding stk-block stk-10d19e5\" data-block-id=\"10d19e5\"><\/div>\n\n\n\n<div class=\"wp-block-columns is-layout-flex wp-container-core-columns-is-layout-4 wp-block-columns-is-layout-flex\">\n<div class=\"wp-block-column is-vertically-aligned-center is-layout-flow wp-block-column-is-layout-flow\" style=\"flex-basis:150px\"><div class=\"wp-block-image\">\n<figure class=\"aligncenter size-large is-resized\"><img loading=\"lazy\" decoding=\"async\" width=\"1024\" height=\"386\" src=\"https:\/\/www.jgp-engineering.com\/wp-content\/uploads\/LOGO-Tekla_Structures-1-1024x386.png\" alt=\"\" class=\"wp-image-100003075\" style=\"width:200px\" srcset=\"https:\/\/www.jgp-engineering.com\/wp-content\/uploads\/LOGO-Tekla_Structures-1-1024x386.png 1024w, https:\/\/www.jgp-engineering.com\/wp-content\/uploads\/LOGO-Tekla_Structures-1-300x113.png 300w, https:\/\/www.jgp-engineering.com\/wp-content\/uploads\/LOGO-Tekla_Structures-1-770x290.png 770w, https:\/\/www.jgp-engineering.com\/wp-content\/uploads\/LOGO-Tekla_Structures-1-50x19.png 50w, https:\/\/www.jgp-engineering.com\/wp-content\/uploads\/LOGO-Tekla_Structures-1-1600x603.png 1600w, https:\/\/www.jgp-engineering.com\/wp-content\/uploads\/LOGO-Tekla_Structures-1-1536x579.png 1536w, https:\/\/www.jgp-engineering.com\/wp-content\/uploads\/LOGO-Tekla_Structures-1-500x189.png 500w, https:\/\/www.jgp-engineering.com\/wp-content\/uploads\/LOGO-Tekla_Structures-1-293x111.png 293w, https:\/\/www.jgp-engineering.com\/wp-content\/uploads\/LOGO-Tekla_Structures-1-1400x528.png 1400w, https:\/\/www.jgp-engineering.com\/wp-content\/uploads\/LOGO-Tekla_Structures-1.png 1673w\" sizes=\"auto, (max-width: 1024px) 100vw, 1024px\" \/><\/figure><\/div><\/div>\n\n\n\n<div class=\"wp-block-column is-vertically-aligned-center is-layout-flow wp-block-column-is-layout-flow\" style=\"flex-basis:150px\"><div class=\"wp-block-image\">\n<figure class=\"aligncenter size-full is-resized\"><img loading=\"lazy\" decoding=\"async\" width=\"204\" height=\"192\" src=\"https:\/\/www.jgp-engineering.com\/wp-content\/uploads\/pobrane-1.jpg\" alt=\"\" class=\"wp-image-100003076\" style=\"width:150px\" srcset=\"https:\/\/www.jgp-engineering.com\/wp-content\/uploads\/pobrane-1.jpg 204w, https:\/\/www.jgp-engineering.com\/wp-content\/uploads\/pobrane-1-50x47.jpg 50w\" sizes=\"auto, (max-width: 204px) 100vw, 204px\" \/><\/figure><\/div><\/div>\n\n\n\n<div class=\"wp-block-column is-vertically-aligned-center is-layout-flow wp-block-column-is-layout-flow\" style=\"flex-basis:150px\"><div class=\"wp-block-image\">\n<figure class=\"aligncenter size-large is-resized\"><img loading=\"lazy\" decoding=\"async\" width=\"1024\" height=\"334\" src=\"https:\/\/www.jgp-engineering.com\/wp-content\/uploads\/LOGO-Inventor-1-1024x334.png\" alt=\"\" class=\"wp-image-100003073\" style=\"width:200px\" srcset=\"https:\/\/www.jgp-engineering.com\/wp-content\/uploads\/LOGO-Inventor-1-1024x334.png 1024w, https:\/\/www.jgp-engineering.com\/wp-content\/uploads\/LOGO-Inventor-1-300x98.png 300w, https:\/\/www.jgp-engineering.com\/wp-content\/uploads\/LOGO-Inventor-1-770x251.png 770w, https:\/\/www.jgp-engineering.com\/wp-content\/uploads\/LOGO-Inventor-1-50x16.png 50w, https:\/\/www.jgp-engineering.com\/wp-content\/uploads\/LOGO-Inventor-1-1536x501.png 1536w, https:\/\/www.jgp-engineering.com\/wp-content\/uploads\/LOGO-Inventor-1-500x163.png 500w, https:\/\/www.jgp-engineering.com\/wp-content\/uploads\/LOGO-Inventor-1-293x96.png 293w, https:\/\/www.jgp-engineering.com\/wp-content\/uploads\/LOGO-Inventor-1-1400x457.png 1400w, https:\/\/www.jgp-engineering.com\/wp-content\/uploads\/LOGO-Inventor-1.png 1559w\" sizes=\"auto, (max-width: 1024px) 100vw, 1024px\" \/><\/figure><\/div><\/div>\n\n\n\n<div class=\"wp-block-column is-vertically-aligned-center is-layout-flow wp-block-column-is-layout-flow\" style=\"flex-basis:150px\"><div class=\"wp-block-image\">\n<figure class=\"aligncenter size-medium\"><img loading=\"lazy\" decoding=\"async\" width=\"300\" height=\"166\" src=\"https:\/\/www.jgp-engineering.com\/wp-content\/uploads\/LOGO-Solidworks-2-300x166.jpg\" alt=\"\" class=\"wp-image-100003074\" srcset=\"https:\/\/www.jgp-engineering.com\/wp-content\/uploads\/LOGO-Solidworks-2-300x166.jpg 300w, https:\/\/www.jgp-engineering.com\/wp-content\/uploads\/LOGO-Solidworks-2-50x28.jpg 50w, https:\/\/www.jgp-engineering.com\/wp-content\/uploads\/LOGO-Solidworks-2-500x276.jpg 500w, https:\/\/www.jgp-engineering.com\/wp-content\/uploads\/LOGO-Solidworks-2-293x162.jpg 293w, https:\/\/www.jgp-engineering.com\/wp-content\/uploads\/LOGO-Solidworks-2.jpg 540w\" sizes=\"auto, (max-width: 300px) 100vw, 300px\" \/><\/figure><\/div><\/div>\n\n\n\n<div class=\"wp-block-column is-vertically-aligned-center is-layout-flow wp-block-column-is-layout-flow\" style=\"flex-basis:150px\"><div class=\"wp-block-image\">\n<figure class=\"aligncenter size-full is-resized\"><img loading=\"lazy\" decoding=\"async\" width=\"341\" height=\"83\" src=\"https:\/\/www.jgp-engineering.com\/wp-content\/uploads\/LOGO-Idea-Statica-1.jpg\" alt=\"\" class=\"wp-image-100003072\" style=\"width:150px\" srcset=\"https:\/\/www.jgp-engineering.com\/wp-content\/uploads\/LOGO-Idea-Statica-1.jpg 341w, https:\/\/www.jgp-engineering.com\/wp-content\/uploads\/LOGO-Idea-Statica-1-300x73.jpg 300w, https:\/\/www.jgp-engineering.com\/wp-content\/uploads\/LOGO-Idea-Statica-1-50x12.jpg 50w, https:\/\/www.jgp-engineering.com\/wp-content\/uploads\/LOGO-Idea-Statica-1-293x71.jpg 293w\" sizes=\"auto, (max-width: 341px) 100vw, 341px\" \/><\/figure><\/div><\/div>\n\n\n\n<div class=\"wp-block-column is-vertically-aligned-center is-layout-flow wp-block-column-is-layout-flow\" style=\"flex-basis:150px\"><div class=\"wp-block-image\">\n<figure class=\"aligncenter size-full is-resized\"><img loading=\"lazy\" decoding=\"async\" width=\"230\" height=\"219\" src=\"https:\/\/www.jgp-engineering.com\/wp-content\/uploads\/LOGO-Dlubal-1.png\" alt=\"\" class=\"wp-image-100003071\" style=\"aspect-ratio:1;object-fit:cover;width:150px\" srcset=\"https:\/\/www.jgp-engineering.com\/wp-content\/uploads\/LOGO-Dlubal-1.png 230w, https:\/\/www.jgp-engineering.com\/wp-content\/uploads\/LOGO-Dlubal-1-50x48.png 50w\" sizes=\"auto, (max-width: 230px) 100vw, 230px\" \/><\/figure><\/div><\/div>\n<\/div>\n\n\n\n<p class=\"has-medium-font-size\"><strong>JGP Engineering steht f\u00fcr erstklassige Ingenieurqualit\u00e4t, termingerechte Realisierung und individuelle L\u00f6sungen f\u00fcr anspruchsvolle Industrieprojekte.<\/strong><\/p>\n\n\n\n<div class=\"wp-block-ugb-spacer ugb-spacer ugb-5737f03 ugb-spacer--v2 ugb-main-block\"><style>@media screen and (min-width:768px){.ugb-5737f03.ugb-spacer{height:50px !important}}<\/style><div class=\"ugb-inner-block\"><div class=\"ugb-block-content\"><div class=\"ugb-spacer--inner\"><\/div><\/div><\/div><\/div>\n\n\n\n<p class=\"has-text-align-center has-large-font-size\">Wir laden Sie ein, mit uns zusammenzuarbeiten!&nbsp;<\/p>\n\n\n\n<div class=\"wp-block-stackable-button-group aligncenter stk-block-button-group stk-block stk-cbb77ff\" data-block-id=\"cbb77ff\"><div class=\"stk-row stk-inner-blocks has-text-align-center stk-block-content stk-button-group\">\n<div class=\"wp-block-stackable-button stk-block-button stk-block stk-b9599ae\" data-block-id=\"b9599ae\"><style>.stk-b9599ae .stk-button{background:#000000 !important;}.stk-b9599ae .stk-button__inner-text{color:#ffffff !important;}<\/style><a class=\"stk-link stk-button stk--hover-effect-darken\" href=\"https:\/\/www.jgp-engineering.com\/de\/kontakt\/\"><span class=\"has-text-color stk-button__inner-text\">Kontakt aufnehmen<\/span><\/a><\/div>\n\n\n\n<div class=\"wp-block-stackable-button stk-block-button stk-block stk-f497ea6\" data-block-id=\"f497ea6\"><style>.stk-f497ea6 .stk-button{background:#000000 !important;}.stk-f497ea6 .stk-button__inner-text{color:#ffffff !important;}<\/style><a class=\"stk-link stk-button stk--hover-effect-darken\" href=\"https:\/\/www.jgp-engineering.com\/de\/referencje\/\"><span class=\"has-text-color stk-button__inner-text\">Referenzen<\/span><\/a><\/div>\n<\/div><\/div>\n","protected":false},"excerpt":{"rendered":"<p>Ingenieurb\u00fcro f\u00fcr technische Dokumentation, Statik und 3D-Modellierung Wir unterst\u00fctzen Industrieunternehmen bei der Planung und Umsetzung komplexer Projekte \u2013 zuverl\u00e4ssig, pr\u00e4zise und normgerecht. Bau- und Ingenieurkonstruktionen Statische Berechnungen&nbsp; Technische Beratung&nbsp; Bereitstellung von technischem Personal&nbsp; Wir bieten umfassenden Service und die Unterst\u00fctzung hochqualifizierter Ingenieure f\u00fcr strategische Sektoren. Dabei garantieren wir fundierte Erfahrung gepaart mit einem modernen Planungsansatz. Unsere Leistungen umfassen: Wir arbeiten mit modernster Ingenieursoftware, um pr\u00e4zise und effiziente L\u00f6sungen zu liefern: JGP Engineering steht f\u00fcr erstklassige Ingenieurqualit\u00e4t, termingerechte Realisierung und individuelle [&hellip;]<\/p>\n","protected":false},"author":4,"featured_media":100002000,"parent":0,"menu_order":0,"comment_status":"closed","ping_status":"closed","template":"","meta":{"footnotes":""},"class_list":["post-100001998","page","type-page","status-publish","has-post-thumbnail","hentry"],"featured_image_urls_v2":{"full":["https:\/\/www.jgp-engineering.com\/wp-content\/uploads\/2019\/06\/hero-services.jpg",1920,800,false],"thumbnail":["https:\/\/www.jgp-engineering.com\/wp-content\/uploads\/2019\/06\/hero-services-250x250.jpg",250,250,true],"medium":["https:\/\/www.jgp-engineering.com\/wp-content\/uploads\/2019\/06\/hero-services-300x125.jpg",300,125,true],"medium_large":["https:\/\/www.jgp-engineering.com\/wp-content\/uploads\/2019\/06\/hero-services-770x321.jpg",770,321,true],"large":["https:\/\/www.jgp-engineering.com\/wp-content\/uploads\/2019\/06\/hero-services-1024x427.jpg",1024,427,true],"gs-tiny":["https:\/\/www.jgp-engineering.com\/wp-content\/uploads\/2019\/06\/hero-services.jpg",50,21,false],"xl":["https:\/\/www.jgp-engineering.com\/wp-content\/uploads\/2019\/06\/hero-services-1600x667.jpg",1600,667,true],"xxl":["https:\/\/www.jgp-engineering.com\/wp-content\/uploads\/2019\/06\/hero-services.jpg",1920,800,false],"xxxl":["https:\/\/www.jgp-engineering.com\/wp-content\/uploads\/2019\/06\/hero-services.jpg",1920,800,false],"xxxxl":["https:\/\/www.jgp-engineering.com\/wp-content\/uploads\/2019\/06\/hero-services.jpg",1920,800,false],"xxxxxl":["https:\/\/www.jgp-engineering.com\/wp-content\/uploads\/2019\/06\/hero-services.jpg",1920,800,false],"1536x1536":["https:\/\/www.jgp-engineering.com\/wp-content\/uploads\/2019\/06\/hero-services.jpg",1536,640,false],"2048x2048":["https:\/\/www.jgp-engineering.com\/wp-content\/uploads\/2019\/06\/hero-services.jpg",1920,800,false],"post-thumbnail":["https:\/\/www.jgp-engineering.com\/wp-content\/uploads\/2019\/06\/hero-services-100x100.jpg",100,100,true],"zeen-370-247":["https:\/\/www.jgp-engineering.com\/wp-content\/uploads\/2019\/06\/hero-services-370x247.jpg",370,247,true],"zeen-585-293":["https:\/\/www.jgp-engineering.com\/wp-content\/uploads\/2019\/06\/hero-services-585x293.jpg",585,293,true],"zeen-770-513":["https:\/\/www.jgp-engineering.com\/wp-content\/uploads\/2019\/06\/hero-services-770x513.jpg",770,513,true],"zeen-1155-770":["https:\/\/www.jgp-engineering.com\/wp-content\/uploads\/2019\/06\/hero-services-1155x770.jpg",1155,770,true],"zeen-1170-585":["https:\/\/www.jgp-engineering.com\/wp-content\/uploads\/2019\/06\/hero-services-1170x585.jpg",1170,585,true],"zeen-1500-750":["https:\/\/www.jgp-engineering.com\/wp-content\/uploads\/2019\/06\/hero-services-1500x750.jpg",1500,750,true],"zeen-293-293":["https:\/\/www.jgp-engineering.com\/wp-content\/uploads\/2019\/06\/hero-services-293x293.jpg",293,293,true],"zeen-390-390":["https:\/\/www.jgp-engineering.com\/wp-content\/uploads\/2019\/06\/hero-services-390x390.jpg",390,390,true],"zeen-585-585":["https:\/\/www.jgp-engineering.com\/wp-content\/uploads\/2019\/06\/hero-services-585x585.jpg",585,585,true],"zeen-900-900":["https:\/\/www.jgp-engineering.com\/wp-content\/uploads\/2019\/06\/hero-services-900x800.jpg",900,800,true],"zeen-370-490":["https:\/\/www.jgp-engineering.com\/wp-content\/uploads\/2019\/06\/hero-services-370x490.jpg",370,490,true],"zeen-585-775":["https:\/\/www.jgp-engineering.com\/wp-content\/uploads\/2019\/06\/hero-services-585x775.jpg",585,775,true],"zeen-770-1020":["https:\/\/www.jgp-engineering.com\/wp-content\/uploads\/2019\/06\/hero-services-770x800.jpg",770,800,true],"zeen-293-full":["https:\/\/www.jgp-engineering.com\/wp-content\/uploads\/2019\/06\/hero-services-293x122.jpg",293,122,true],"zeen-770-full":["https:\/\/www.jgp-engineering.com\/wp-content\/uploads\/2019\/06\/hero-services-770x321.jpg",770,321,true],"zeen-1400-full":["https:\/\/www.jgp-engineering.com\/wp-content\/uploads\/2019\/06\/hero-services-1400x583.jpg",1400,583,true]},"post_excerpt_stackable_v2":"<p>Ingenieurb\u00fcro f\u00fcr technische Dokumentation, Statik und 3D-Modellierung Wir unterst\u00fctzen Industrieunternehmen bei der Planung und Umsetzung komplexer Projekte \u2013 zuverl\u00e4ssig, pr\u00e4zise und normgerecht. Bau- und IngenieurkonstruktionenStatische Berechnungen&nbsp; Technische Beratung&nbsp;Bereitstellung von technischem Personal&nbsp; Wir bieten umfassenden Service und die Unterst\u00fctzung hochqualifizierter Ingenieure f\u00fcr strategische Sektoren. Dabei garantieren wir fundierte Erfahrung gepaart mit einem modernen Planungsansatz. Unsere Leistungen umfassen: detaillierte Werkstattzeichnungen&nbsp; \u00fcbersichtliche Montagepl\u00e4ne&nbsp; pr\u00e4zise 3D-Modelle vollst\u00e4ndige Materiallisten&nbsp; NC-Daten sowie DXF-Dateien f\u00fcr die Fertigung zuverl\u00e4ssige statische Berechnungen&nbsp; Wir arbeiten mit modernster Ingenieursoftware, um pr\u00e4zise und effiziente L\u00f6sungen zu liefern: JGP Engineering steht f\u00fcr erstklassige Ingenieurqualit\u00e4t, termingerechte Realisierung und individuelle L\u00f6sungen f\u00fcr anspruchsvolle Industrieprojekte. Wir&hellip;<\/p>\n","category_list_v2":"","author_info_v2":{"name":"Sandra","url":"https:\/\/www.jgp-engineering.com\/de\/author\/sandra\/"},"comments_num_v2":"0 comments","jetpack_sharing_enabled":true,"_links":{"self":[{"href":"https:\/\/www.jgp-engineering.com\/de\/wp-json\/wp\/v2\/pages\/100001998","targetHints":{"allow":["GET"]}}],"collection":[{"href":"https:\/\/www.jgp-engineering.com\/de\/wp-json\/wp\/v2\/pages"}],"about":[{"href":"https:\/\/www.jgp-engineering.com\/de\/wp-json\/wp\/v2\/types\/page"}],"author":[{"embeddable":true,"href":"https:\/\/www.jgp-engineering.com\/de\/wp-json\/wp\/v2\/users\/4"}],"replies":[{"embeddable":true,"href":"https:\/\/www.jgp-engineering.com\/de\/wp-json\/wp\/v2\/comments?post=100001998"}],"version-history":[{"count":64,"href":"https:\/\/www.jgp-engineering.com\/de\/wp-json\/wp\/v2\/pages\/100001998\/revisions"}],"predecessor-version":[{"id":100003348,"href":"https:\/\/www.jgp-engineering.com\/de\/wp-json\/wp\/v2\/pages\/100001998\/revisions\/100003348"}],"wp:featuredmedia":[{"embeddable":true,"href":"https:\/\/www.jgp-engineering.com\/de\/wp-json\/wp\/v2\/media\/100002000"}],"wp:attachment":[{"href":"https:\/\/www.jgp-engineering.com\/de\/wp-json\/wp\/v2\/media?parent=100001998"}],"curies":[{"name":"wp","href":"https:\/\/api.w.org\/{rel}","templated":true}]}}