{"id":100002040,"date":"2019-06-10T17:28:07","date_gmt":"2019-06-10T17:28:07","guid":{"rendered":"https:\/\/www.jgp-engineering.com\/kariera\/"},"modified":"2026-01-22T21:12:27","modified_gmt":"2026-01-22T21:12:27","slug":"kariera","status":"publish","type":"page","link":"https:\/\/www.jgp-engineering.com\/de\/kariera\/","title":{"rendered":"Karriere"},"content":{"rendered":"\n<h3 class=\"wp-block-heading has-text-align-center has-white-color has-midnight-gradient-background has-text-color has-background has-link-color wp-elements-91976a2435b10461b92381b704ef1091\">Werden Sie Teil des JGP Engineering Teams \u2013 Entwickeln Sie Ihre Karriere im Ingenieurwesen.<\/h3>\n\n\n\n<div class=\"wp-block-columns alignwide are-vertically-aligned-center is-layout-flex wp-container-core-columns-is-layout-1 wp-block-columns-is-layout-flex\">\n<div class=\"wp-block-column is-vertically-aligned-center is-layout-flow wp-block-column-is-layout-flow\">\n<figure class=\"wp-block-image size-full\"><img loading=\"lazy\" decoding=\"async\" width=\"1021\" height=\"832\" src=\"https:\/\/www.jgp-engineering.com\/wp-content\/uploads\/karcd-1.png\" alt=\"\" class=\"wp-image-100003064\" style=\"aspect-ratio:16\/9;object-fit:cover\" srcset=\"https:\/\/www.jgp-engineering.com\/wp-content\/uploads\/karcd-1.png 1021w, https:\/\/www.jgp-engineering.com\/wp-content\/uploads\/karcd-1-300x244.png 300w, https:\/\/www.jgp-engineering.com\/wp-content\/uploads\/karcd-1-770x627.png 770w, https:\/\/www.jgp-engineering.com\/wp-content\/uploads\/karcd-1-50x41.png 50w, https:\/\/www.jgp-engineering.com\/wp-content\/uploads\/karcd-1-500x407.png 500w, https:\/\/www.jgp-engineering.com\/wp-content\/uploads\/karcd-1-293x239.png 293w\" sizes=\"auto, (max-width: 1021px) 100vw, 1021px\" \/><\/figure>\n<\/div>\n\n\n\n<div class=\"wp-block-column is-vertically-aligned-center is-layout-flow wp-block-column-is-layout-flow\">\n<p class=\"has-black-color has-text-color has-link-color has-medium-font-size wp-elements-fe84d4392c78bd2e6369c7628ab53eaf\"><strong>M\u00f6chten Sie vielleicht schon bald unser Team verst\u00e4rken?<\/strong> Ganz gleich, ob Sie am Anfang Ihrer beruflichen Laufbahn stehen, bereits \u00fcber Erfahrung verf\u00fcgen oder frischgebackener Absolvent sind: in unserer kollegialen Atmosph\u00e4re k\u00f6nnen Sie Ihre pers\u00f6nliche und berufliche Entwicklung aktiv gestalten. Wir freuen uns auf Ihre Bewerbungsunterlagen \u2013 senden Sie uns gerne Ihre Initiativbewerbung an <strong>rekrutacja@jgp-engineering.com<\/strong> oder pr\u00fcfen Sie unsere aktuellen Stellenangebote.<\/p>\n\n\n\n<p class=\"has-small-font-size\"><em>Der Verwalter Ihrer personenbezogenen Daten ist JGP Engineering sp. z o.o. mit Sitz in Wroc\u0142aw. Ihre personenbezogenen Daten werden verarbeitet, um Ihre Bewerbung im Rahmen des Einstellungsverfahrens zu ber\u00fccksichtigen. Sie haben das Recht auf Zugang zu Ihren personenbezogenen Daten, auf Berichtigung, L\u00f6schung, Einschr\u00e4nkung der Verarbeitung, Daten\u00fcbertragbarkeit und auf eine Beschwerde bei einer Aufsichtsbeh\u00f6rde. Ausf\u00fchrliche Informationen finden Sie in <a href=\"https:\/\/www.jgp-engineering.com\/de\/datenschutz\/\" data-type=\"page\" data-id=\"100002277\">der Datenschutzrichtlinie<\/a>.<\/em><\/p>\n\n\n\n<div class=\"wp-block-ugb-button ugb-button-wrapper ugb-button--design-plain ugb-910f748 ugb-main-block\"><style>.ugb-910f748 .ugb-block-content{justify-content:center !important}.ugb-910f748 .ugb-button1{background-color:#100564;border-radius:4px !important}.ugb-910f748 .ugb-button1 .ugb-button--inner,.ugb-910f748 .ugb-button1 svg:not(.ugb-custom-icon){color:#ffffff !important}.ugb-910f748 .ugb-button1:before{border-radius:4px !important}.ugb-910f748 .ugb-inner-block{text-align:center}<\/style><div class=\"ugb-inner-block\"><div class=\"ugb-block-content\"><div class=\"ugb-button-container\"><a class=\"ugb-button1 ugb-button ugb-button--size-normal\" href=\"https:\/\/www.linkedin.com\/company\/jgp-engineering-sp-z-o-o\/\" target=\"_blank\" rel=\"noopener noreferrer\" title=\"\"><span class=\"ugb-button--inner\">Stellenangebote<\/span><\/a><\/div><\/div><\/div><\/div>\n<\/div>\n<\/div>\n\n\n\n<p><\/p>\n","protected":false},"excerpt":{"rendered":"<p>Werden Sie Teil des JGP Engineering Teams \u2013 Entwickeln Sie Ihre Karriere im Ingenieurwesen. M\u00f6chten Sie vielleicht schon bald unser Team verst\u00e4rken? Ganz gleich, ob Sie am Anfang Ihrer beruflichen Laufbahn stehen, bereits \u00fcber Erfahrung verf\u00fcgen oder frischgebackener Absolvent sind: in unserer kollegialen Atmosph\u00e4re k\u00f6nnen Sie Ihre pers\u00f6nliche und berufliche Entwicklung aktiv gestalten. Wir freuen uns auf Ihre Bewerbungsunterlagen \u2013 senden Sie uns gerne Ihre Initiativbewerbung an rekrutacja@jgp-engineering.com oder pr\u00fcfen Sie unsere aktuellen Stellenangebote. Der Verwalter Ihrer personenbezogenen Daten ist [&hellip;]<\/p>\n","protected":false},"author":4,"featured_media":0,"parent":0,"menu_order":0,"comment_status":"closed","ping_status":"closed","template":"","meta":{"footnotes":""},"class_list":["post-100002040","page","type-page","status-publish","hentry"],"featured_image_urls_v2":{"full":"","thumbnail":"","medium":"","medium_large":"","large":"","gs-tiny":"","xl":"","xxl":"","xxxl":"","xxxxl":"","xxxxxl":"","1536x1536":"","2048x2048":"","post-thumbnail":"","zeen-370-247":"","zeen-585-293":"","zeen-770-513":"","zeen-1155-770":"","zeen-1170-585":"","zeen-1500-750":"","zeen-293-293":"","zeen-390-390":"","zeen-585-585":"","zeen-900-900":"","zeen-370-490":"","zeen-585-775":"","zeen-770-1020":"","zeen-293-full":"","zeen-770-full":"","zeen-1400-full":""},"post_excerpt_stackable_v2":"<p>Werden Sie Teil des JGP Engineering Teams \u2013 Entwickeln Sie Ihre Karriere im Ingenieurwesen. M\u00f6chten Sie vielleicht schon bald unser Team verst\u00e4rken? Ganz gleich, ob Sie am Anfang Ihrer beruflichen Laufbahn stehen, bereits \u00fcber Erfahrung verf\u00fcgen oder frischgebackener Absolvent sind: in unserer kollegialen Atmosph\u00e4re k\u00f6nnen Sie Ihre pers\u00f6nliche und berufliche Entwicklung aktiv gestalten. Wir freuen uns auf Ihre Bewerbungsunterlagen \u2013 senden Sie uns gerne Ihre Initiativbewerbung an rekrutacja@jgp-engineering.com oder pr\u00fcfen Sie unsere aktuellen Stellenangebote. Der Verwalter Ihrer personenbezogenen Daten ist JGP Engineering sp. z o.o. mit Sitz in Wroc\u0142aw. Ihre personenbezogenen Daten werden verarbeitet, um Ihre Bewerbung im Rahmen des&hellip;<\/p>\n","category_list_v2":"","author_info_v2":{"name":"Sandra","url":"https:\/\/www.jgp-engineering.com\/de\/author\/sandra\/"},"comments_num_v2":"0 comments","jetpack_sharing_enabled":true,"_links":{"self":[{"href":"https:\/\/www.jgp-engineering.com\/de\/wp-json\/wp\/v2\/pages\/100002040","targetHints":{"allow":["GET"]}}],"collection":[{"href":"https:\/\/www.jgp-engineering.com\/de\/wp-json\/wp\/v2\/pages"}],"about":[{"href":"https:\/\/www.jgp-engineering.com\/de\/wp-json\/wp\/v2\/types\/page"}],"author":[{"embeddable":true,"href":"https:\/\/www.jgp-engineering.com\/de\/wp-json\/wp\/v2\/users\/4"}],"replies":[{"embeddable":true,"href":"https:\/\/www.jgp-engineering.com\/de\/wp-json\/wp\/v2\/comments?post=100002040"}],"version-history":[{"count":20,"href":"https:\/\/www.jgp-engineering.com\/de\/wp-json\/wp\/v2\/pages\/100002040\/revisions"}],"predecessor-version":[{"id":100003137,"href":"https:\/\/www.jgp-engineering.com\/de\/wp-json\/wp\/v2\/pages\/100002040\/revisions\/100003137"}],"wp:attachment":[{"href":"https:\/\/www.jgp-engineering.com\/de\/wp-json\/wp\/v2\/media?parent=100002040"}],"curies":[{"name":"wp","href":"https:\/\/api.w.org\/{rel}","templated":true}]}}