{"id":100002046,"date":"2019-06-10T16:46:41","date_gmt":"2019-06-10T16:46:41","guid":{"rendered":"https:\/\/www.jgp-engineering.com\/kontakt\/"},"modified":"2026-01-22T21:01:50","modified_gmt":"2026-01-22T21:01:50","slug":"kontakt","status":"publish","type":"page","link":"https:\/\/www.jgp-engineering.com\/de\/kontakt\/","title":{"rendered":"Kontakt"},"content":{"rendered":"\n<h3 class=\"wp-block-heading alignfull has-text-align-center has-white-color has-midnight-gradient-background has-text-color has-background has-link-color wp-elements-7eed35c3f5c932a1cdf64b8fcd7eee99\">Nur eine Nachricht von Ihnen entfernt.<br><\/h3>\n\n\n\n<p class=\"has-medium-font-size\">Haben Sie Fragen zu unseren Projekten oder suchen Sie technische Unterst\u00fctzung? Kontaktieren Sie uns \u2013 gemeinsam finden wir die beste L\u00f6sung.<br><\/p>\n\n\n\n<div class=\"wp-block-columns has-2-columns is-layout-flex wp-container-core-columns-is-layout-1 wp-block-columns-is-layout-flex\">\n<div class=\"wp-block-column is-layout-flow wp-block-column-is-layout-flow\">\n<div class=\"wpcf7 no-js\" id=\"wpcf7-f100002305-o1\" lang=\"pl-PL\" dir=\"ltr\" data-wpcf7-id=\"100002305\">\n<div class=\"screen-reader-response\"><p role=\"status\" aria-live=\"polite\" aria-atomic=\"true\"><\/p> <ul><\/ul><\/div>\n<form action=\"\/de\/wp-json\/wp\/v2\/pages\/100002046#wpcf7-f100002305-o1\" method=\"post\" class=\"wpcf7-form init\" aria-label=\"Formularz kontaktowy\" novalidate=\"novalidate\" data-status=\"init\">\n<fieldset class=\"hidden-fields-container\"><input type=\"hidden\" name=\"_wpcf7\" value=\"100002305\" \/><input type=\"hidden\" name=\"_wpcf7_version\" value=\"6.1.4\" \/><input type=\"hidden\" name=\"_wpcf7_locale\" value=\"pl_PL\" \/><input type=\"hidden\" name=\"_wpcf7_unit_tag\" value=\"wpcf7-f100002305-o1\" \/><input type=\"hidden\" name=\"_wpcf7_container_post\" value=\"0\" \/><input type=\"hidden\" name=\"_wpcf7_posted_data_hash\" value=\"\" \/>\n<\/fieldset>\n<p><label> Name (erforderlich)<br \/>\n<span class=\"wpcf7-form-control-wrap\" data-name=\"your-name\"><input size=\"40\" maxlength=\"400\" class=\"wpcf7-form-control wpcf7-text wpcf7-validates-as-required\" aria-required=\"true\" aria-invalid=\"false\" value=\"\" type=\"text\" name=\"your-name\" \/><\/span> <\/label>\n<\/p>\n<p><label> E-Mail Adresse (erforderlich)<br \/>\n<span class=\"wpcf7-form-control-wrap\" data-name=\"your-email\"><input size=\"40\" maxlength=\"400\" class=\"wpcf7-form-control wpcf7-email wpcf7-validates-as-required wpcf7-text wpcf7-validates-as-email\" aria-required=\"true\" aria-invalid=\"false\" value=\"\" type=\"email\" name=\"your-email\" \/><\/span> <\/label>\n<\/p>\n<p><label> Betreff<br \/>\n<span class=\"wpcf7-form-control-wrap\" data-name=\"your-subject\"><input size=\"40\" maxlength=\"400\" class=\"wpcf7-form-control wpcf7-text\" aria-invalid=\"false\" value=\"\" type=\"text\" name=\"your-subject\" \/><\/span> <\/label>\n<\/p>\n<p><label> Inhalt der Nachricht<br \/>\n<span class=\"wpcf7-form-control-wrap\" data-name=\"your-message\"><textarea cols=\"40\" rows=\"10\" maxlength=\"2000\" class=\"wpcf7-form-control wpcf7-textarea\" aria-invalid=\"false\" name=\"your-message\"><\/textarea><\/span> <\/label>\n<\/p>\n<p>Der Verwalter Ihrer personenbezogenen Daten ist JGP Engineering Sp. z o.o. mit Sitz in Wroc\u0142aw. Ihre personenbezogenen Daten werden verarbeitet, um auf das eingereichte Kontaktformular zu antworten. Sie haben das Recht, auf Ihre personenbezogenen Daten zuzugreifen, sie zu berichtigen, zu l\u00f6schen, die Verarbeitung einzuschr\u00e4nken, Daten zu \u00fcbertragen, Widerspruch gegen die Datenverarbeitung einzulegen und eine Beschwerde bei einer Aufsichtsbeh\u00f6rde einzureichen. Einzelheiten finden Sie in der <a href=\"https:\/\/www.jgp-engineering.com\/de\/datenschutz\/\" target=\"_blank\">Datenschutzerkl\u00e4rung<\/a>.\n<\/p>\n<p><input class=\"wpcf7-form-control wpcf7-submit has-spinner\" type=\"submit\" value=\"Senden\" \/>\n<\/p><div class=\"wpcf7-response-output\" aria-hidden=\"true\"><\/div>\n<\/form>\n<\/div>\n\n<\/div>\n\n\n\n<div class=\"wp-block-column is-layout-flow wp-block-column-is-layout-flow\">\n<p class=\"antek has-white-color has-midnight-gradient-background has-text-color has-background has-link-color has-medium-font-size wp-elements-50287d86e6a7a9fbbbda0204fb6fe24f\"><strong>Hauptsitz<\/strong><br>JGP Engineering sp. z\u00a0o.o.\u00a0<br>ul.\u00a0Przyja\u017ani 66\/210\u00a0<br>53-030 Wroc\u0142aw, Poland\u00a0<br>Tel.: +48 71\u202f729 06 03\u00a0<br>E-mail: info@jgp-engineering.com\u00a0 <strong> <\/strong><\/p>\n\n\n\n<p class=\"has-black-color has-text-color has-link-color has-small-font-size wp-elements-6cbf422cca9a15d119458501016187fd\">National Court Register<br>S\u0105d rejonowy dla Wroc\u0142awia Fabrycznej we Wroc\u0142awiu,\u00a0\u00a0<br>VI Wydzia\u0142 Gospodarczy Krajowego Rejestru S\u0105dowego\u00a0<br>KRS:\u00a0<a href=\"https:\/\/www.imsig.pl\/szukaj\/krs,721227,JGP_ENGINEERING_SP%C3%93%C5%81KA_Z_OGRANICZON%C4%84_ODPOWIEDZIALNO%C5%9ACI%C4%84\" target=\"_blank\" rel=\"noreferrer noopener\">0000721227<\/a>, <br>NIP: 897-185-32-93, <br>VAT: PL897-185-32-93, <br>REGON: 369695915\u00a0<\/p>\n\n\n\n<div data-map-provider=\"mapbox\" data-api-key=\"pk.eyJ1IjoibnVyZ2llbCIsImEiOiJjandxcW91ZjkzNDNoM3pvMjBtNms2Ym10In0.xrubDue17dR2Rj4gxM_SNA\" class=\"wp-block-jetpack-map is-style-default\" data-map-style=\"default\" data-map-details=\"true\" data-points=\"[{&quot;placeTitle&quot;:&quot;Ulica Przyja\u017ani&quot;,&quot;title&quot;:&quot;Siedziba Firmy&quot;,&quot;caption&quot;:&quot;ul. Przyja\u017ani 66\/210\\n53-030 Wroc\u0142aw&quot;,&quot;id&quot;:&quot;address.7630260079446904&quot;,&quot;coordinates&quot;:{&quot;longitude&quot;:16.988776,&quot;latitude&quot;:51.065565}}]\" data-zoom=\"14.320382571983787\" data-map-center=\"{&quot;lng&quot;:16.988776,&quot;lat&quot;:51.065565}\" data-marker-color=\"#cf2e2e\" data-show-fullscreen-button=\"true\"><ul><li><a href=\"https:\/\/www.google.com\/maps\/search\/?api=1&amp;query=51.065565,16.988776\">Siedziba Firmy<\/a><\/li><\/ul><\/div>\n<\/div>\n<\/div>\n","protected":false},"excerpt":{"rendered":"<p>Nur eine Nachricht von Ihnen entfernt. Haben Sie Fragen zu unseren Projekten oder suchen Sie technische Unterst\u00fctzung? Kontaktieren Sie uns \u2013 gemeinsam finden wir die beste L\u00f6sung. HauptsitzJGP Engineering sp. z\u00a0o.o.\u00a0ul.\u00a0Przyja\u017ani 66\/210\u00a053-030 Wroc\u0142aw, Poland\u00a0Tel.: +48 71\u202f729 06 03\u00a0E-mail: info@jgp-engineering.com\u00a0 National Court RegisterS\u0105d rejonowy dla Wroc\u0142awia Fabrycznej we Wroc\u0142awiu,\u00a0\u00a0VI Wydzia\u0142 Gospodarczy Krajowego Rejestru S\u0105dowego\u00a0KRS:\u00a00000721227, NIP: 897-185-32-93, VAT: PL897-185-32-93, REGON: 369695915\u00a0<\/p>\n","protected":false},"author":4,"featured_media":0,"parent":0,"menu_order":0,"comment_status":"closed","ping_status":"closed","template":"","meta":{"footnotes":""},"class_list":["post-100002046","page","type-page","status-publish","hentry"],"featured_image_urls_v2":{"full":"","thumbnail":"","medium":"","medium_large":"","large":"","gs-tiny":"","xl":"","xxl":"","xxxl":"","xxxxl":"","xxxxxl":"","1536x1536":"","2048x2048":"","post-thumbnail":"","zeen-370-247":"","zeen-585-293":"","zeen-770-513":"","zeen-1155-770":"","zeen-1170-585":"","zeen-1500-750":"","zeen-293-293":"","zeen-390-390":"","zeen-585-585":"","zeen-900-900":"","zeen-370-490":"","zeen-585-775":"","zeen-770-1020":"","zeen-293-full":"","zeen-770-full":"","zeen-1400-full":""},"post_excerpt_stackable_v2":"<p>Nur eine Nachricht von Ihnen entfernt. Haben Sie Fragen zu unseren Projekten oder suchen Sie technische Unterst\u00fctzung? Kontaktieren Sie uns \u2013 gemeinsam finden wir die beste L\u00f6sung. Name (erforderlich) E-Mail Adresse (erforderlich) Betreff Inhalt der Nachricht Der Verwalter Ihrer personenbezogenen Daten ist JGP Engineering Sp. z o.o. mit Sitz in Wroc\u0142aw. Ihre personenbezogenen Daten werden verarbeitet, um auf das eingereichte Kontaktformular zu antworten. Sie haben das Recht, auf Ihre personenbezogenen Daten zuzugreifen, sie zu berichtigen, zu l\u00f6schen, die Verarbeitung einzuschr\u00e4nken, Daten zu \u00fcbertragen, Widerspruch gegen die Datenverarbeitung einzulegen und eine Beschwerde bei einer Aufsichtsbeh\u00f6rde einzureichen. Einzelheiten finden Sie in der&hellip;<\/p>\n","category_list_v2":"","author_info_v2":{"name":"Sandra","url":"https:\/\/www.jgp-engineering.com\/de\/author\/sandra\/"},"comments_num_v2":"0 comments","jetpack_sharing_enabled":true,"_links":{"self":[{"href":"https:\/\/www.jgp-engineering.com\/de\/wp-json\/wp\/v2\/pages\/100002046","targetHints":{"allow":["GET"]}}],"collection":[{"href":"https:\/\/www.jgp-engineering.com\/de\/wp-json\/wp\/v2\/pages"}],"about":[{"href":"https:\/\/www.jgp-engineering.com\/de\/wp-json\/wp\/v2\/types\/page"}],"author":[{"embeddable":true,"href":"https:\/\/www.jgp-engineering.com\/de\/wp-json\/wp\/v2\/users\/4"}],"replies":[{"embeddable":true,"href":"https:\/\/www.jgp-engineering.com\/de\/wp-json\/wp\/v2\/comments?post=100002046"}],"version-history":[{"count":12,"href":"https:\/\/www.jgp-engineering.com\/de\/wp-json\/wp\/v2\/pages\/100002046\/revisions"}],"predecessor-version":[{"id":100003129,"href":"https:\/\/www.jgp-engineering.com\/de\/wp-json\/wp\/v2\/pages\/100002046\/revisions\/100003129"}],"wp:attachment":[{"href":"https:\/\/www.jgp-engineering.com\/de\/wp-json\/wp\/v2\/media?parent=100002046"}],"curies":[{"name":"wp","href":"https:\/\/api.w.org\/{rel}","templated":true}]}}