{"id":100002277,"date":"2024-11-20T06:04:20","date_gmt":"2024-11-20T06:04:20","guid":{"rendered":"https:\/\/www.jgp-engineering.com\/?page_id=100002277"},"modified":"2024-11-20T06:04:22","modified_gmt":"2024-11-20T06:04:22","slug":"datenschutz","status":"publish","type":"page","link":"https:\/\/www.jgp-engineering.com\/de\/datenschutz\/","title":{"rendered":"DATENSCHUTZ"},"content":{"rendered":"\n<p class=\"has-large-font-size\"><strong>DATENSCHUTZ<\/strong><\/p>\n\n\n\n<p><a href=\"http:\/\/www.jgp-engineering.com\/\" target=\"_blank\" rel=\"noreferrer noopener\"><strong>www.jgp-engineering.com<\/strong><\/a><strong>\u00a0<\/strong><\/p>\n\n\n\n<ol class=\"wp-block-list nested-list\">\n<li>VERWALTER PERSONENBEZOGENER DATEN\n<ol class=\"wp-block-list\">\n<li><strong>Der Verwalter personenbezogener Daten auf der www.jgp-engineering.com\u00a0 -Website <a href=\"http:\/\/www.jgp-engineering.com\"><\/a>\u00a0ist JGP Engineering Sp. z o.o. mit Sitz in Wroc\u0142aw, Przyja\u017ani 66\/210, 53-030 Wroc\u0142aw, eingetragen in das Unternehmerregister, das vom Amtsgericht f\u00fcr Wroc\u0142aw Fabryczna in Wroc\u0142aw, VI Handelsabteilung des Landesgerichtsregisters, unter der KRS-Nummer: 0000721227, NIP: 897-185-32-93, Stammkapital in H\u00f6he von 5.000,00 PLN gef\u00fchrt wird.<\/strong><\/li>\n\n\n\n<li><strong>Der Kontakt mit dem Administrator ist per Post an die in Absatz 1 angegebene Adresse oder \u00fcber die E-Mail-Adresse m\u00f6glich: <a href=\"mailto:iod@jgp-engineering.com\">iod@jgp-engineering.com<\/a>.<\/strong><\/li>\n<\/ol>\n<\/li>\n\n\n\n<li>DEFINITIONEN\n<ol class=\"wp-block-list\">\n<li>Personenbezogene Daten \u2013<strong> Informationen \u00fcber eine nat\u00fcrliche Person, die durch einen oder mehrere Faktoren identifiziert oder identifizierbar sind, die f\u00fcr die physische, physiologische, genetische, psychische, wirtschaftliche, kulturelle oder soziale Identit\u00e4t spezifisch sind, einschlie\u00dflich der IP des Ger\u00e4ts, der Online-Kennung und der Informationen, die durch Cookies und andere \u00e4hnliche Technologien gesammelt werden,<\/strong><\/li>\n\n\n\n<li>Datenschutzrichtlinie <strong>\u2013 diese Datenschutzrichtlinie,<\/strong><\/li>\n\n\n\n<li>DSGVO <strong>\u2013 Verordnung (EU) 2016\/679 des Europ\u00e4ischen Parlaments und des Rates vom 27.4.2016 zum Schutz nat\u00fcrlicher Personen bei der Verarbeitung personenbezogener Daten, zum freien Datenverkehr und zur Aufhebung der Richtlinie 95\/46\/EG,<\/strong><\/li>\n\n\n\n<li>Webseite \u2013 <strong><a href=\"http:\/\/www.jgp-engineering.com\">www.jgp-engineering.com<\/a>,<\/strong><\/li>\n\n\n\n<li>Nutzer \u2013 <strong>eine\u00a0 nat\u00fcrliche Person, die die Website nutzt, mit dem f\u00fcr die Verarbeitung Verantwortlichen interagiert, auch \u00fcber die Website oder soziale Medien, sowie sich auf Stellenanzeigen des f\u00fcr die Verarbeitung Verantwortlichen bewirbt.<\/strong><\/li>\n<\/ol>\n<\/li>\n\n\n\n<li>ZWECK UND GRUNDLAGE DER VERARBEITUNG\n<ol class=\"wp-block-list\">\n<li><strong>Der Administrator verarbeitet personenbezogene Daten:<\/strong>\n<ol class=\"wp-block-list\">\n<li>Nutzer, die auf der Website surfen<strong>, zu analytischen und statistischen Zwecken \u2013 die Rechtsgrundlage f\u00fcr die Verarbeitung ist das berechtigte Interesse des f\u00fcr die Verarbeitung Verantwortlichen (Artikel 6 Absatz 1 Buchstabe f der DSGVO), das darin besteht, Analysen der Aktivit\u00e4ten und Pr\u00e4ferenzen der Benutzer durchzuf\u00fchren, um die verwendeten Funktionen und die bereitgestellten Dienste zu verbessern; Im Falle von Cookies, die nicht f\u00fcr die Nutzung der Website erforderlich sind, ist die Grundlage f\u00fcr die Verarbeitung die Zustimmung des Nutzers zu den angegebenen Cookies (Artikel 6 Absatz 1 Buchstabe a der DSGVO).<\/strong><\/li>\n\n\n\n<li>Nutzer, die sich an den f\u00fcr die Verarbeitung Verantwortlichen wenden<strong>, um Anfragen von Nutzern an den f\u00fcr die Verarbeitung Verantwortlichen zu bearbeiten und zu beantworten \u2013 die Rechtsgrundlage f\u00fcr die Verarbeitung ist das berechtigte Interesse des f\u00fcr die Verarbeitung Verantwortlichen an der Beantwortung (Artikel 6 Absatz 1 Buchstabe f der DSGVO). Der Administrator verarbeitet die personenbezogenen Daten des Benutzers, die freiwillig im Inhalt der Nachricht angegeben werden.<\/strong><\/li>\n\n\n\n<li>Nutzer, die mit dem f\u00fcr die Verarbeitung Verantwortlichen \u00fcber Profile in sozialen Netzwerken interagieren<strong>, um das Profil des f\u00fcr die Verarbeitung Verantwortlichen auf den Websites der sozialen Netzwerke zu verwalten, indem sie auf Nachrichten, Kommentare und Reaktionen antworten, sowie zu statistischen und Werbezwecken, die \u00fcber die im Rahmen dieser sozialen Netzwerke bereitgestellten Tools durchgef\u00fchrt werden \u2013 auf der Grundlage des berechtigten Interesses des f\u00fcr die Verarbeitung Verantwortlichen (Artikel 6 Absatz 1 Buchstabe f der DSGVO),\u00a0 Das ist die Kommunikation mit den Nutzern von Social-Networking-Sites und die Bereitstellung von Informationsinhalten \u00fcber den Administrator und seine Aktivit\u00e4ten. Der Administrator verarbeitet die im sozialen Netzwerk \u00f6ffentlich zug\u00e4nglichen Daten des Benutzers, wie Name, Nachname, Bild, die freiwillig im Inhalt der Nachricht oder des Kommentars angegeben werden;<\/strong><\/li>\n\n\n\n<li>Nutzer, die sich auf vom Administrator ver\u00f6ffentlichte Stellenangebote bewerben:\n<ol class=\"wp-block-list\">\n<li><strong>Wenn die Grundlage f\u00fcr das Besch\u00e4ftigungsverh\u00e4ltnis ein Arbeitsvertrag sein soll, werden die Daten auf der Grundlage folgender Faktoren verarbeitet:<\/strong>\n<ol class=\"wp-block-list\">\n<li><strong>Artikel 6 Absatz 1 Buchstabe c der DSGVO, d. h. um die Verpflichtungen zu erf\u00fcllen, die sich aus den gesetzlichen Bestimmungen im Zusammenhang mit dem Einstellungsverfahren ergeben, insbesondere Artikel 22 Absatz 1 des Gesetzes vom 26. Juni 1974. Arbeitsgesetzbuch<\/strong><\/li>\n\n\n\n<li><strong>Art. 6 Abs. 1 lit. a DSGVO, d.h. auf der Grundlage einer Einwilligung, um auf Antrag der betroffenen Person Ma\u00dfnahmen zu ergreifen, um das Einstellungsverfahren im Rahmen nicht erforderlicher Daten durchzuf\u00fchren;<\/strong><\/li>\n<\/ol>\n<\/li>\n\n\n\n<li><strong>Im Falle des Willens zur Zusammenarbeit auf der Grundlage eines zivilrechtlichen Vertrags werden die Daten auf der Rechtsgrundlage verarbeitet:<\/strong>\n<ol class=\"wp-block-list\">\n<li><strong>Artikel 6 Absatz 1 Buchstabe b der DSGVO, d. h. auf Antrag der betroffenen Person Ma\u00dfnahmen zu ergreifen, bevor ein Vertrag mit dem f\u00fcr die Verarbeitung Verantwortlichen zum Zwecke der Einstellung von Mitarbeitern geschlossen wird;<\/strong><\/li>\n\n\n\n<li><strong>Art. 6 Abs. 1 lit. a DSGVO, d.h. auf der Grundlage einer Einwilligung, um auf Antrag der betroffenen Person Ma\u00dfnahmen zu ergreifen, um das Einstellungsverfahren im Rahmen nicht erforderlicher Daten durchzuf\u00fchren;<\/strong><\/li>\n<\/ol>\n<\/li>\n\n\n\n<li><strong>Wenn der Nutzer in die Teilnahme an zuk\u00fcnftigen Rekrutierungen eingewilligt hat, ist die Rechtsgrundlage f\u00fcr die Datenverarbeitung Art. 6 Abs. 1 lit. a DSGVO, d.h. die Einwilligung in die Verarbeitung Ihrer personenbezogenen Daten zum Zwecke der Pr\u00fcfung Ihrer Bewerbung bei zuk\u00fcnftigen Rekrutierungen<\/strong><\/li>\n\n\n\n<li><strong>Wenn sich der Nutzer \u00fcber LinkedIN auf Stellenangebote bewirbt, stimmt er zum Zeitpunkt der Absendung der Bewerbung der Verarbeitung der Daten des Nutzers durch den Administrator zu, die auf LinkedIN \u00f6ffentlich zug\u00e4nglich sind.<\/strong><\/li>\n<\/ol>\n<\/li>\n<\/ol>\n<\/li>\n\n\n\n<li><strong>Dar\u00fcber hinaus k\u00f6nnen<\/strong> personenbezogene Daten zum Zwecke der m\u00f6glichen Feststellung, Untersuchung oder Verteidigung von Anspr\u00fcchen <strong>verarbeitet werden\u00a0 \u2013 die Rechtsgrundlage f\u00fcr die Verarbeitung ist das berechtigte Interesse des f\u00fcr die Verarbeitung Verantwortlichen (Artikel 6 Absatz 1 Buchstabe f der DSGVO), das in dem Schutz seiner Rechte durch den f\u00fcr die Verarbeitung Verantwortlichen besteht.<\/strong><\/li>\n<\/ol>\n<\/li>\n\n\n\n<li>FREIWILLIGE BEREITSTELLUNG PERSONENBEZOGENER DATEN\n<ol class=\"wp-block-list\">\n<li><strong>Die Bereitstellung von Daten durch den Benutzer ist freiwillig, aber f\u00fcr die Durchf\u00fchrung der Aktivit\u00e4t, unter der sie bereitgestellt werden sollen, erforderlich. Ohne die Bereitstellung dieser Daten ist es nicht m\u00f6glich, die vom Benutzer angeforderte Aktion durchzuf\u00fchren, insbesondere die Anfrage zu beantworten.<\/strong><\/li>\n\n\n\n<li><strong>Im Falle von Benutzern, die sich auf vom Administrator ver\u00f6ffentlichte Stellenangebote bewerben, ist die Angabe der als erforderlich gekennzeichneten Daten freiwillig, aber f\u00fcr die Durchf\u00fchrung der Rekrutierung erforderlich. Im Falle der Besch\u00e4ftigung im Rahmen eines Arbeitsvertrags ist ihre Bestimmung ebenfalls eine gesetzliche Verpflichtung, im Falle der Zusammenarbeit im Rahmen eines zivilrechtlichen Vertrags ist sie eine vertragliche Bedingung. Die Nichtbereitstellung der als erforderlich gekennzeichneten Daten hat zur Folge, dass die Kandidatur im Einstellungsverfahren nicht ber\u00fccksichtigt werden kann.<\/strong><\/li>\n<\/ol>\n<\/li>\n\n\n\n<li>ZEITRAUM DER VERARBEITUNG PERSONENBEZOGENER DATEN\n<ol class=\"wp-block-list\">\n<li><strong>Der Administrator verarbeitet personenbezogene Daten f\u00fcr den folgenden Zeitraum:<\/strong>\n<ul class=\"wp-block-list\">\n<li><strong>personenbezogene Daten, die auf der Grundlage der Einwilligung des Nutzers oder Kunden verarbeitet werden \u2013 bis zum Widerruf der Einwilligung;<\/strong><\/li>\n\n\n\n<li><strong>personenbezogene Daten der Nutzer, die auf der Grundlage des berechtigten Interesses des Administrators verarbeitet werden \u2013 f\u00fcr die gesamte Dauer dieses Interesses, jedoch nicht l\u00e4nger als bis der Nutzer oder der Kunde einer solchen Verarbeitung widerspricht;<\/strong><\/li>\n\n\n\n<li><strong>personenbezogene Daten der Nutzer, die auf der Grundlage des berechtigten Interesses des Administrators verarbeitet werden \u2013 f\u00fcr die gesamte Dauer dieses Interesses, jedoch nicht l\u00e4nger als bis der Nutzer oder der Kunde einer solchen Verarbeitung widerspricht;<\/strong><\/li>\n\n\n\n<li><strong>Die personenbezogenen Daten der Nutzer, die sich auf Stellenausschreibungen bewerben, werden vom Administrator f\u00fcr den Zeitraum verarbeitet, der f\u00fcr den Abschluss des Einstellungsverfahrens erforderlich ist. Wenn der Nutzer der Teilnahme an zuk\u00fcnftigen Rekrutierungen zugestimmt hat, werden die Daten des Nutzers f\u00fcr einen Zeitraum von 12 Monaten ab dem Datum ihrer \u00dcbermittlung gespeichert.<\/strong><\/li>\n<\/ul>\n<\/li>\n\n\n\n<li><strong>Die Frist f\u00fcr die Verarbeitung personenbezogener Daten kann vom Administrator bis zum Ablauf der Verj\u00e4hrungsfrist f\u00fcr m\u00f6gliche Anspr\u00fcche im Zusammenhang mit der Datenverarbeitung oder der Beziehung zwischen dem Benutzer und dem Administrator verl\u00e4ngert werden.<\/strong><\/li>\n<\/ol>\n<\/li>\n\n\n\n<li><strong>EMPF\u00c4NGER PERSONENBEZOGENER DATEN<\/strong>\n<ol class=\"wp-block-list\">\n<li><strong>Die Empf\u00e4nger der personenbezogenen Daten der Nutzer sind: Hosting-Dienstleister, E-Mail-Anbieter, Anbieter von Programmen zum Versenden elektronischer Nachrichten im Namen des Administrators, Unternehmen, die dem Administrator Rechtsdienstleistungen erbringen, Mitarbeiter des Administrators<\/strong><\/li>\n\n\n\n<li><strong>Wenn der Benutzer mit dem f\u00fcr die Verarbeitung Verantwortlichen \u00fcber soziale Netzwerke interagiert, sind die Empf\u00e4nger der Daten auch die Betreiber der sozialen Netzwerke, \u00fcber die der Benutzer mit dem Administrator interagiert.<\/strong><\/li>\n\n\n\n<li><strong>Die personenbezogenen Daten der Nutzer k\u00f6nnen auf Anfrage der zust\u00e4ndigen staatlichen Beh\u00f6rden auf der Grundlage der einschl\u00e4gigen Rechtsvorschriften auch den zust\u00e4ndigen staatlichen Beh\u00f6rden zur Verf\u00fcgung gestellt werden.<\/strong><\/li>\n<\/ol>\n<\/li>\n\n\n\n<li><strong>RECHTE DER BETROFFENEN PERSONEN<\/strong>\n<ol class=\"wp-block-list\">\n<li><strong>Jeder Nutzer, dessen personenbezogene Daten vom Administrator verarbeitet werden, hat das Recht auf:<\/strong>\n<ol class=\"wp-block-list\">\n<li><strong>Zugang zu Ihren Daten und Erhalt einer Kopie davon,<\/strong><\/li>\n\n\n\n<li><strong>die Verarbeitung und \u00dcbermittlung ihrer Daten zu berichtigen, zu l\u00f6schen, einzuschr\u00e4nken,<\/strong><\/li>\n\n\n\n<li>Wenn personenbezogene Daten auf der Grundlage einer Einwilligung verarbeitet werden, hat der Nutzer das Recht, diese jederzeit zu widerrufen. Durch den Widerruf der Einwilligung wird die Rechtm\u00e4\u00dfigkeit der Verarbeitung auf ihrer Grundlage bis zum Widerruf der Einwilligung nicht ber\u00fchrt.<\/li>\n\n\n\n<li>jederzeit der Verarbeitung ihrer Daten zu Zwecken des Direktmarketings, einschlie\u00dflich Profiling, zu widersprechen, wenn die Verarbeitung im Zusammenhang mit dem berechtigten Interesse des Administrators erfolgt;<\/li>\n\n\n\n<li>jederzeit der Verarbeitung ihrer Daten aus Gr\u00fcnden, die mit ihrer besonderen Situation zusammenh\u00e4ngen, zu widersprechen, wenn die Rechtsgrundlage f\u00fcr die Datenverarbeitung das berechtigte Interesse des Administrators ist;<\/li>\n\n\n\n<li><strong>eine Beschwerde beim Pr\u00e4sidenten des Amtes f\u00fcr den Schutz personenbezogener Daten einzureichen, wenn sie der Ansicht sind, dass die Verarbeitung ihrer personenbezogenen Daten gegen die Bestimmungen der DSGVO verst\u00f6\u00dft.<\/strong><\/li>\n<\/ol>\n<\/li>\n\n\n\n<li><strong>Um die in den Punkten 7.1.1 bis 7.1.5 genannten Rechte auszu\u00fcben, sollte eine E-Mail an <a href=\"mailto:iod@jgp-engineering.com\">iod@jgp-engineering.com<\/a> gesendet werden.<\/strong><\/li>\n\n\n\n<li><strong>In Bezug auf gemeinsam kontrollierte personenbezogene Daten, die im Rahmen von Social-Networking-Sites verarbeitet werden, \u00fcbt der Nutzer seine Rechte gegen\u00fcber dem Betreiber der Social-Networking-Site gem\u00e4\u00df den vom Benutzer festgelegten Regeln aus:<\/strong>\n<ol class=\"wp-block-list\">\n<li><a href=\"https:\/\/www.facebook.com\/privacy\/explanation\" target=\"_blank\" rel=\"noreferrer noopener\"><strong>Auf Facebook (Englisch)<\/strong><\/a><\/li>\n\n\n\n<li><a href=\"https:\/\/pl.linkedin.com\/legal\/privacy-policy?src=li-other&amp;veh=www.linkedin.com%7Cli-other#other\" target=\"_blank\" rel=\"noreferrer noopener\"><strong>Linkedin<\/strong><\/a><\/li>\n<\/ol>\n<\/li>\n<\/ol>\n<\/li>\n\n\n\n<li>CO-ADMINISTRATION IN DEN SOZIALEN MEDIEN\n<ol class=\"wp-block-list\">\n<li><strong>Im Zusammenhang mit dem Betrieb einer Facebook-Fanpage durch den Administrator, die unter der <a href=\"http:\/\/www.facebook.com\/JGP-Engineering-2089609541085850\" target=\"_blank\" rel=\"noreferrer noopener\">Adresse <\/a>\u00a0verf\u00fcgbar ist, und eines LinkedIn-Profils, <a href=\"http:\/\/www.linkedin.com\/company\/jgp-engineering-sp-z-o-o\">das unter der Adresse verf\u00fcgbar ist<\/a>, ist der Administrator Co-Administrator der Daten der Nutzer zusammen mit dem Anbieter dieser Dienste, d. h. Meta Platforms Ireland Limited mit Sitz in Dublin (Irland), Adresse: 4 Grand Canal Square, Grand Canal Harbour, Dublin 2, D02X525, Irland bzw. LinkedIn Ireland Unlimited Company mit Sitz in Dublin (Irland) Dublin, Irland, Adresse: Wilton Place, Dublin 2, Irland (die &#8222;gemeinsam Verantwortlichen&#8220;).<\/strong><\/li>\n\n\n\n<li><strong>Die Mitkontrolle umfasst die kollektive Datenanalyse, deren Zweck es ist, Statistiken \u00fcber die Aktivit\u00e4ten der Fanpage-Nutzer auf der Website und Werbeaktivit\u00e4ten unter Verwendung der dort verf\u00fcgbaren Tools anzuzeigen.<\/strong><\/li>\n\n\n\n<li><strong>Weitere Informationen \u00fcber Facebook und Linkedin und die Vereinbarungen zwischen den gemeinsam Verantwortlichen (einschlie\u00dflich ihrer Zust\u00e4ndigkeiten) finden Sie unter:<\/strong>\n<ol class=\"wp-block-list\">\n<li><strong>Datenschutzerkl\u00e4rung von Facebook unter <a href=\"https:\/\/www.facebook.com\/privacy\/explanation\" target=\"_blank\" rel=\"noreferrer noopener\">link<\/a><a href=\"https:\/\/www.facebook.com\/privacy\/explanation\" target=\"_blank\" rel=\"noreferrer noopener\"><\/a> und <a href=\"https:\/\/www.facebook.com\/privacy\/explanation\" target=\"_blank\" rel=\"noreferrer noopener\"><\/a>unter <a href=\"https:\/\/www.facebook.com\/legal\/terms\/page_controller_addendum\" target=\"_blank\" rel=\"noreferrer noopener\">link<\/a><\/strong><\/li>\n\n\n\n<li><strong>Die Datenschutzerkl\u00e4rung von Linkedin unter <a href=\"https:\/\/pl.linkedin.com\/legal\/privacy-policy?src=li-other&amp;veh=www.linkedin.com%7Cli-other#other\" target=\"_blank\" rel=\"noreferrer noopener\">link<\/a><\/strong><\/li>\n<\/ol>\n<\/li>\n<\/ol>\n<\/li>\n\n\n\n<li>DATEN\u00dcBERMITTLUNGEN AUSSERHALB DES EUROP\u00c4ISCHEN WIRTSCHAFTSRAUMS (EWR)\n<ol class=\"wp-block-list\">\n<li><strong>Der Administrator \u00fcbermittelt personenbezogene Daten in Drittl\u00e4nder au\u00dferhalb des Europ\u00e4ischen Wirtschaftsraums nur zu dem Zweck, f\u00fcr den sie den folgenden Unternehmen zur Verf\u00fcgung gestellt wurden, aufgrund des internationalen Charakters dieser Unternehmen:<\/strong>\n<ol class=\"wp-block-list\">\n<li><strong>Meta Platforms Inc. mit Sitz in Kalifornien, USA \u2013 ein Unternehmen, das f\u00fcr die Aktivit\u00e4t der Fanpage des Administrators auf der facebook.com-Website verantwortlich ist und das Sammeln von Informationen \u00fcber Benutzer und das Anzeigen von Werbung f\u00fcr sie erm\u00f6glicht. <a href=\"https:\/\/www.facebook.com\/privacy\/explanation\" target=\"_blank\" rel=\"noreferrer noopener\">\u00dcber Datenschutzstandards<\/a>. Meta Platforms Inc. hat erkl\u00e4rt, dass es Standardvertragsklauseln implementiert hat, \u00fcber die Sie hier lesen k\u00f6nnen <\/strong><\/li>\n\n\n\n<li><strong>Google LLC mit Sitz in Kalifornien, USA \u2013 ein Unternehmen, das die Analyse des Verkehrs auf der Website erm\u00f6glicht. <a href=\"https:\/\/policies.google.com\/privacy?hl=pl\" target=\"_blank\" rel=\"noreferrer noopener\">Hinweis zu Datenschutzstandards<\/a>. Google hat angek\u00fcndigt, neue Standardvertragsklauseln eingef\u00fchrt zu haben, \u00fcber die Sie <a href=\"https:\/\/support.google.com\/analytics\/answer\/9012600?utm_source=awfe&amp;utm_medium=email&amp;utm_campaign=20175128\" target=\"_blank\" rel=\"noreferrer noopener\">hier<\/a>, <a href=\"https:\/\/business.safety.google\/adscontrollerterms\/\" target=\"_blank\" rel=\"noreferrer noopener\">hier <\/a>und <a href=\"https:\/\/business.safety.google\/adsprocessorterms\/\" target=\"_blank\" rel=\"noreferrer noopener\">hier\u00a0 lesen k\u00f6nnen<\/a><\/strong><\/li>\n\n\n\n<li><strong>LinkedIn Corporation mit Sitz in Kalifornien, USA \u2013 ein Unternehmen, das f\u00fcr den Betrieb des Administratorkontos auf der linkedin.pl-Website verantwortlich ist. <a href=\"https:\/\/www.linkedin.com\/help\/linkedin\/answer\/62533\" target=\"_blank\" rel=\"noreferrer noopener\">Informationen \u00fcber Datenschutzstandards, einschlie\u00dflich der Implementierung von Standardvertragsklauseln<\/a><a href=\"https:\/\/www.linkedin.com\/help\/linkedin\/answer\/62533\">. <\/a>Dar\u00fcber hinaus halten sich die LinkedIn Corporation und ihre kontrollierten US-Tochtergesellschaften (LinkedIn) an das Datenschutz\u00fcbereinkommen zwischen der EU und den USA.<\/strong><\/li>\n<\/ol>\n<\/li>\n<\/ol>\n<\/li>\n\n\n\n<li>COOKIES\n<ol class=\"wp-block-list\">\n<li><strong>F\u00fcr den ordnungsgem\u00e4\u00dfen Betrieb der Website verwendet der Administrator die Cookie-Technologie. Cookies sind Informationspakete, die \u00fcber die Website auf dem Ger\u00e4t des Benutzers gespeichert werden und in der Regel Informationen enthalten, die mit dem Zweck der vom Benutzer verwendeten Datei \u00fcbereinstimmen \u2013 dies sind in der Regel: Website-Adresse, Datum der Platzierung, Ablaufdatum, eindeutige Nummer und zus\u00e4tzliche Informationen, die mit dem Zweck der Datei \u00fcbereinstimmen.<\/strong><\/li>\n\n\n\n<li><strong>Der Verantwortliche verwendet zwei Arten von Cookies: Session-Cookies, die am Ende der Browsersitzung dauerhaft gel\u00f6scht werden, und permanente Cookies, die nach dem Ende der Browsersitzung auf dem Ger\u00e4t des Benutzers verbleiben, bis sie gel\u00f6scht werden. Auf der Grundlage von Cookies, sowohl Sitzungs- als auch dauerhaften, ist es nicht m\u00f6glich, die Identit\u00e4t des Benutzers zu bestimmen. Der Cookie-Mechanismus erlaubt es nicht, personenbezogene Daten zu sammeln. Website-Cookies sind f\u00fcr das Ger\u00e4t des Benutzers sicher, insbesondere lassen sie keine Viren oder andere Software auf das Ger\u00e4t eindringen.<\/strong><\/li>\n\n\n\n<li><strong>Dateien, die direkt von der Website generiert werden (eigene Cookies), k\u00f6nnen nicht von anderen Websites gelesen werden. Cookies von Drittanbietern (d. h. Cookies, die von den Partnern des Administrators platziert werden) k\u00f6nnen von einem externen Server gelesen werden.<\/strong><\/li>\n\n\n\n<li><strong>Detaillierte Informationen zu den Arten von Cookies, die auf der Website verwendet werden, finden Sie in dem Cookie-Banner, das w\u00e4hrend des Besuchs angezeigt wird. Sie k\u00f6nnen das Cookie-Banner auch jederzeit \u00fcber die Option &#8222;Einstellungen&#8220; aufrufen, die am unteren Rand der Website sichtbar ist.<\/strong><\/li>\n\n\n\n<li><strong>Die Einwilligung kann jederzeit \u00fcber das Cookie-Banner ge\u00e4ndert oder widerrufen werden, das \u00fcber den Link in der Fu\u00dfzeile der Website oder die Schaltfl\u00e4che in der unteren linken Ecke der Website aufgerufen werden kann. Durch den Widerruf der Einwilligung wird die Rechtm\u00e4\u00dfigkeit der vor dem Widerruf der Einwilligung erfolgten Verarbeitung nicht ber\u00fchrt.<\/strong><\/li>\n<\/ol>\n<\/li>\n\n\n\n<li>SCHLUSSBESTIMMUNGEN\n<ol class=\"wp-block-list\">\n<li><strong>Die Datenschutzerkl\u00e4rung tritt am 31.10.2024 in Kraft.<\/strong><a href=\"https:\/\/www.facebook.com\/business\/help\/336550838147603\" target=\"_blank\" rel=\"noreferrer noopener\"><\/a><\/li>\n<\/ol>\n<\/li>\n<\/ol>\n","protected":false},"excerpt":{"rendered":"<p>DATENSCHUTZ www.jgp-engineering.com\u00a0<\/p>\n","protected":false},"author":5,"featured_media":0,"parent":0,"menu_order":0,"comment_status":"closed","ping_status":"closed","template":"","meta":{"footnotes":""},"class_list":["post-100002277","page","type-page","status-publish","hentry"],"featured_image_urls_v2":{"full":"","thumbnail":"","medium":"","medium_large":"","large":"","gs-tiny":"","xl":"","xxl":"","xxxl":"","xxxxl":"","xxxxxl":"","1536x1536":"","2048x2048":"","post-thumbnail":"","zeen-370-247":"","zeen-585-293":"","zeen-770-513":"","zeen-1155-770":"","zeen-1170-585":"","zeen-1500-750":"","zeen-293-293":"","zeen-390-390":"","zeen-585-585":"","zeen-900-900":"","zeen-370-490":"","zeen-585-775":"","zeen-770-1020":"","zeen-293-full":"","zeen-770-full":"","zeen-1400-full":""},"post_excerpt_stackable_v2":"<p>DATENSCHUTZ www.jgp-engineering.com\u00a0 VERWALTER PERSONENBEZOGENER DATEN Der Verwalter personenbezogener Daten auf der www.jgp-engineering.com\u00a0 -Website \u00a0ist JGP Engineering Sp. z o.o. mit Sitz in Wroc\u0142aw, Przyja\u017ani 66\/210, 53-030 Wroc\u0142aw, eingetragen in das Unternehmerregister, das vom Amtsgericht f\u00fcr Wroc\u0142aw Fabryczna in Wroc\u0142aw, VI Handelsabteilung des Landesgerichtsregisters, unter der KRS-Nummer: 0000721227, NIP: 897-185-32-93, Stammkapital in H\u00f6he von 5.000,00 PLN gef\u00fchrt wird. Der Kontakt mit dem Administrator ist per Post an die in Absatz 1 angegebene Adresse oder \u00fcber die E-Mail-Adresse m\u00f6glich: iod@jgp-engineering.com. DEFINITIONEN Personenbezogene Daten \u2013 Informationen \u00fcber eine nat\u00fcrliche Person, die durch einen oder mehrere Faktoren identifiziert oder identifizierbar sind, die f\u00fcr die&hellip;<\/p>\n","category_list_v2":"","author_info_v2":{"name":"Marcin Sa\u0142ata","url":"https:\/\/www.jgp-engineering.com\/de\/author\/marcins\/"},"comments_num_v2":"0 comments","jetpack_sharing_enabled":true,"_links":{"self":[{"href":"https:\/\/www.jgp-engineering.com\/de\/wp-json\/wp\/v2\/pages\/100002277","targetHints":{"allow":["GET"]}}],"collection":[{"href":"https:\/\/www.jgp-engineering.com\/de\/wp-json\/wp\/v2\/pages"}],"about":[{"href":"https:\/\/www.jgp-engineering.com\/de\/wp-json\/wp\/v2\/types\/page"}],"author":[{"embeddable":true,"href":"https:\/\/www.jgp-engineering.com\/de\/wp-json\/wp\/v2\/users\/5"}],"replies":[{"embeddable":true,"href":"https:\/\/www.jgp-engineering.com\/de\/wp-json\/wp\/v2\/comments?post=100002277"}],"version-history":[{"count":9,"href":"https:\/\/www.jgp-engineering.com\/de\/wp-json\/wp\/v2\/pages\/100002277\/revisions"}],"predecessor-version":[{"id":100002289,"href":"https:\/\/www.jgp-engineering.com\/de\/wp-json\/wp\/v2\/pages\/100002277\/revisions\/100002289"}],"wp:attachment":[{"href":"https:\/\/www.jgp-engineering.com\/de\/wp-json\/wp\/v2\/media?parent=100002277"}],"curies":[{"name":"wp","href":"https:\/\/api.w.org\/{rel}","templated":true}]}}